{"id":1391,"date":"2023-03-13T16:19:10","date_gmt":"2023-03-13T19:19:10","guid":{"rendered":"https:\/\/madameshop.com.br\/loja\/?page_id=1391"},"modified":"2023-09-17T18:17:44","modified_gmt":"2023-09-17T21:17:44","slug":"quem-somos","status":"publish","type":"page","link":"https:\/\/madameshop.com.br\/loja\/quem-somos\/","title":{"rendered":"Quem Somos"},"content":{"rendered":"<p>Bem-vindo ao nosso site!<\/p>\n<p>N\u00f3s somos um site de afiliado que se dedica a indicar uma sele\u00e7\u00e3o diversificada de produtos com pre\u00e7os competitivos.<\/p>\n<p>Estamos em parceria com as melhores marcas e varejistas do mercado e dessa forma ofereceremos uma ampla gama de produtos de moda e beleza. Acreditamos que a escolha \u00e9 essencial para a satisfa\u00e7\u00e3o do cliente e estamos sempre procurando maneiras de expandir nossa <a href=\"https:\/\/madameshop.com.br\/loja\/shop\/\">sele\u00e7\u00e3o de produtos<\/a> para indicarmos.<\/p>\n<p>Al\u00e9m da sele\u00e7\u00e3o de produtos que aqui indicamos, tamb\u00e9m temos um <a href=\"https:\/\/madameshop.com.br\/blog\/\">Blog<\/a> centralizado para informa\u00e7\u00f5es, recursos e servi\u00e7os relacionados a moda, beleza e estilo de vida. Isso pode incluir conte\u00fado editorial sobre tend\u00eancias de moda, dicas de beleza, tutoriais de maquiagem, not\u00edcias do setor e avalia\u00e7\u00f5es de produtos, bem como recursos pr\u00e1ticos como guias de compras e diret\u00f3rios de lojas.<\/p>\n<p>Um portal que visa ajudar a construir uma comunidade online em torno de interesses em comum, e oferecer aos usu\u00e1rios uma experi\u00eancia completa de navega\u00e7\u00e3o e intera\u00e7\u00e3o.<\/p>\n<p>Nosso objetivo \u00e9 ajuda-lo (a) a tomar decis\u00f5es acertadas e encontrar os produtos certos para suas necessidades.<\/p>\n<p>Agradecemos por escolher nosso site como pesquisa e informa\u00e7\u00e3o para suas compras online. Se voc\u00ea tiver alguma d\u00favida, n\u00e3o hesite em <a href=\"https:\/\/madameshop.com.br\/loja\/contato\/\" target=\"_blank\" rel=\"noopener\">entrar em contato<\/a> conosco.<\/p>\n<p>Estamos sempre aqui para indicar e ajud\u00e1-lo a encontrar os produtos certos para suas necessidades.<\/p>\n","protected":false},"excerpt":{"rendered":"<p>Bem-vindo ao nosso site! N\u00f3s somos um site de afiliado que se dedica a indicar uma sele\u00e7\u00e3o diversificada de produtos com pre\u00e7os competitivos. Estamos em parceria com as melhores marcas e varejistas do mercado e dessa forma ofereceremos uma ampla gama de produtos de moda e beleza. Acreditamos que a escolha \u00e9 essencial para a [&hellip;]<\/p>\n","protected":false},"author":4,"featured_media":0,"parent":0,"menu_order":0,"comment_status":"closed","ping_status":"closed","template":"","meta":{"footnotes":""},"class_list":["post-1391","page","type-page","status-publish","hentry"],"blocksy_meta":[],"_links":{"self":[{"href":"https:\/\/madameshop.com.br\/loja\/wp-json\/wp\/v2\/pages\/1391","targetHints":{"allow":["GET"]}}],"collection":[{"href":"https:\/\/madameshop.com.br\/loja\/wp-json\/wp\/v2\/pages"}],"about":[{"href":"https:\/\/madameshop.com.br\/loja\/wp-json\/wp\/v2\/types\/page"}],"author":[{"embeddable":true,"href":"https:\/\/madameshop.com.br\/loja\/wp-json\/wp\/v2\/users\/4"}],"replies":[{"embeddable":true,"href":"https:\/\/madameshop.com.br\/loja\/wp-json\/wp\/v2\/comments?post=1391"}],"version-history":[{"count":0,"href":"https:\/\/madameshop.com.br\/loja\/wp-json\/wp\/v2\/pages\/1391\/revisions"}],"wp:attachment":[{"href":"https:\/\/madameshop.com.br\/loja\/wp-json\/wp\/v2\/media?parent=1391"}],"curies":[{"name":"wp","href":"https:\/\/api.w.org\/{rel}","templated":true}]}}