{"id":17,"date":"2022-07-22T19:03:13","date_gmt":"2022-07-22T22:03:13","guid":{"rendered":"https:\/\/madameshop.com.br\/loja\/?page_id=17"},"modified":"2024-10-23T18:50:47","modified_gmt":"2024-10-23T21:50:47","slug":"termos-de-uso","status":"publish","type":"page","link":"https:\/\/madameshop.com.br\/loja\/termos-de-uso\/","title":{"rendered":"Termos de Uso"},"content":{"rendered":"<h2 style=\"box-sizing: border-box; margin: 0px; line-height: 1.2; font-size: 20px; letter-spacing: -0.05em; color: #576d96; padding-bottom: 20px; font-family: Montserrat, sans-serif; background-color: #ffffff;\"><span style=\"color: #000000;\">1. Aceita\u00e7\u00e3o dos Termos de Uso<\/span><\/h2>\n<p style=\"box-sizing: border-box; margin-top: 0px; margin-bottom: 1rem; font-size: 16px; font-weight: 400; letter-spacing: normal;\"><span style=\"color: #000000;\">Ao acessar e usar este site <a style=\"color: #000000;\" href=\"https:\/\/madameshop.com.br\/loja\/\">Loja Madame Shop<\/a>, voc\u00ea concorda em cumprir e estar vinculado a estes Termos de Uso, bem como todas as leis e regulamentos aplic\u00e1veis, sendo \u00fanico respons\u00e1vel pelo cumprimento de todas as leis locais aplic\u00e1veis.<\/span><\/p>\n<p style=\"box-sizing: border-box; margin-top: 0px; margin-bottom: 1rem; font-size: 16px; font-weight: 400; letter-spacing: normal;\"><span style=\"color: #000000;\">&#8211; Se voc\u00ea n\u00e3o concordar com algum desses termos, n\u00e3o deve usar este site. <\/span><\/p>\n<p style=\"box-sizing: border-box; margin-top: 0px; margin-bottom: 1rem; font-size: 16px; font-weight: 400; letter-spacing: normal;\"><span style=\"color: #000000;\">&#8211; Os materiais contidos neste site s\u00e3o protegidos pelas leis de direitos autorais e marcas comerciais aplic\u00e1veis.<\/span><\/p>\n<p>A utiliza\u00e7\u00e3o deste website atribui de forma autom\u00e1tica a condi\u00e7\u00e3o de Usu\u00e1rio e implica a plena aceita\u00e7\u00e3o de todas as diretrizes e condi\u00e7\u00f5es inclu\u00eddas nestes Termos.<\/p>\n<h3><span style=\"color: #000000;\">Ades\u00e3o em conjunto com a Pol\u00edtica de Privacidade<\/span><\/h3>\n<p><span style=\"color: #000000;\">A utiliza\u00e7\u00e3o deste website acarreta a ades\u00e3o aos presentes Termos de Uso e a vers\u00e3o mais atualizada da nossa <a style=\"color: #000000;\" href=\"https:\/\/madameshop.com.br\/loja\/politicas-de-privacidade\/\" target=\"_blank\" rel=\"noopener\">Pol\u00edtica de Privacidade<\/a>.<\/span><\/p>\n<h2 style=\"box-sizing: border-box; margin: 0px; line-height: 1.2; font-size: 20px; letter-spacing: -0.05em; color: #576d96; padding-bottom: 20px; font-family: Montserrat, sans-serif; background-color: #ffffff;\"><span style=\"color: #000000;\">2. Uso de Licen\u00e7a<\/span><\/h2>\n<p style=\"box-sizing: border-box; margin-top: 0px; margin-bottom: 1rem; font-size: 16px; font-weight: 400; letter-spacing: normal;\"><span style=\"color: #000000;\">\u00c9 concedida permiss\u00e3o para baixar temporariamente uma c\u00f3pia dos materiais (informa\u00e7\u00f5es ou software) no site Madame Shop, apenas para visualiza\u00e7\u00e3o transit\u00f3ria pessoal e n\u00e3o comercial. Esta \u00e9 a concess\u00e3o de uma licen\u00e7a, n\u00e3o uma transfer\u00eancia de t\u00edtulo e, sob esta licen\u00e7a, voc\u00ea n\u00e3o pode:\u00a0<\/span><\/p>\n<ol style=\"box-sizing: border-box; margin-top: 0px; margin-bottom: 1rem; font-size: 16px; font-weight: 400; letter-spacing: normal;\">\n<li style=\"box-sizing: border-box;\"><span style=\"color: #000000;\">modificar ou copiar os materiais;\u00a0<\/span><\/li>\n<li style=\"box-sizing: border-box;\"><span style=\"color: #000000;\">usar os materiais para qualquer finalidade comercial ou para exibi\u00e7\u00e3o p\u00fablica (comercial ou n\u00e3o comercial);\u00a0<\/span><\/li>\n<li style=\"box-sizing: border-box;\"><span style=\"color: #000000;\">tentar descompilar ou fazer engenharia reversa de qualquer software contido no site Madame Shop;\u00a0<\/span><\/li>\n<li style=\"box-sizing: border-box;\"><span style=\"color: #000000;\">remover quaisquer direitos autorais ou outras nota\u00e7\u00f5es de propriedade dos materiais; ou\u00a0<\/span><\/li>\n<li style=\"box-sizing: border-box;\"><span style=\"color: #000000;\">transferir os materiais para outra pessoa ou &#8216;espelhe&#8217; os materiais em qualquer outro servidor.<\/span><\/li>\n<\/ol>\n<p style=\"box-sizing: border-box; margin-top: 0px; margin-bottom: 1rem; font-size: 16px; font-weight: 400; letter-spacing: normal;\"><span style=\"color: #000000;\">Esta licen\u00e7a ser\u00e1 automaticamente rescindida se voc\u00ea violar alguma dessas restri\u00e7\u00f5es e poder\u00e1 ser rescindida por Madame Shop a qualquer momento. Ao encerrar a visualiza\u00e7\u00e3o desses materiais ou ap\u00f3s o t\u00e9rmino desta licen\u00e7a, voc\u00ea deve apagar todos os materiais baixados em sua posse, seja em formato eletr\u00f4nico ou impresso.<\/span><\/p>\n<h2 style=\"box-sizing: border-box; margin: 0px; line-height: 1.2; font-size: 20px; letter-spacing: -0.05em; color: #576d96; padding-bottom: 20px; font-family: Montserrat, sans-serif; background-color: #ffffff;\"><span style=\"color: #000000;\">3. Isen\u00e7\u00e3o de responsabilidade<\/span><\/h2>\n<p>Este <a href=\"https:\/\/madameshop.com.br\/loja\/\">site<\/a> \u00e9 uma plataforma de afiliados que promove produtos de terceiros. N\u00f3s n\u00e3o somos os vendedores desses produtos, mas recebemos comiss\u00f5es por vendas geradas a partir de links ou promo\u00e7\u00f5es presentes neste site.<\/p>\n<p>Logo, voc\u00ea entende que todas as transa\u00e7\u00f5es e intera\u00e7\u00f5es relacionadas a produtos de terceiros ocorrem diretamente entre voc\u00ea e o vendedor, no site oficial de cada parceiro. N\u00e3o somos respons\u00e1veis \u200b\u200bpelas transa\u00e7\u00f5es, produtos ou servi\u00e7os de terceiros.<\/p>\n<p><span style=\"color: #000000;\">N\u00f3s nos esfor\u00e7amos para oferecer aos nossos clientes as indica\u00e7\u00f5es dos melhores produtos. No entanto, gostar\u00edamos de informar que este \u00e9 apenas um site de indica\u00e7\u00f5es, n\u00f3s n\u00e3o vendemos e entregamos os produtos que listamos <a style=\"color: #000000;\" href=\"https:\/\/madameshop.com.br\/loja\/\" target=\"_blank\" rel=\"noopener\">neste site<\/a>; somente fazemos indica\u00e7\u00f5es como afiliado.<\/span><\/p>\n<p><span style=\"color: #000000;\">Portanto, n\u00e3o somos respons\u00e1veis por quaisquer problemas relacionados \u00e0 compra, entrega, uso ou qualquer outro servi\u00e7o relacionado aos produtos listados em nosso site.<\/span><\/p>\n<p><span style=\"color: #000000;\">Embora fa\u00e7amos todos os esfor\u00e7os para garantir que as informa\u00e7\u00f5es listadas s\u00e3o precisas e atualizadas, n\u00e3o podemos garantir que os produtos listados estar\u00e3o dispon\u00edveis para compra.<\/span><\/p>\n<p><span style=\"color: #000000;\">Al\u00e9m disso, os pre\u00e7os dos produtos listados em nosso site s\u00e3o determinados pelos vendedores e n\u00e3o temos nenhum controle sobre eles. Portanto, n\u00e3o somos respons\u00e1veis por quaisquer altera\u00e7\u00f5es nos pre\u00e7os ou disponibilidade dos produtos listados.<\/span><\/p>\n<p><span style=\"color: #000000;\">N\u00f3s tamb\u00e9m n\u00e3o somos respons\u00e1veis por qualquer problema relacionado \u00e0 utiliza\u00e7\u00e3o dos produtos listados em nosso site. N\u00e3o somos respons\u00e1veis por quaisquer danos ou preju\u00edzos causados \u200b\u200bpela utiliza\u00e7\u00e3o de qualquer produto listado em nosso site.<\/span><\/p>\n<p><span style=\"color: #000000;\">Por fim, gostar\u00edamos de informar que n\u00e3o somos respons\u00e1veis \u200b\u200bpor quaisquer problemas relacionados \u00e0 transa\u00e7\u00e3o ou pagamento dos produtos listados em nosso site. Este \u00e9 um servi\u00e7o fornecido pelos vendedores e n\u00e3o somos respons\u00e1veis \u200b\u200bpor quaisquer problemas relacionados a eles.<\/span><\/p>\n<p>&nbsp;<\/p>\n<h2 style=\"box-sizing: border-box; margin: 0px; line-height: 1.2; font-size: 20px; letter-spacing: -0.05em; color: #576d96; padding-bottom: 20px; font-family: Montserrat, sans-serif; background-color: #ffffff;\"><span style=\"color: #000000;\">4. Limita\u00e7\u00f5es<\/span><\/h2>\n<p style=\"box-sizing: border-box; margin-top: 0px; margin-bottom: 1rem; font-size: 16px; font-weight: 400; letter-spacing: normal;\"><span style=\"color: #000000;\">Em nenhum caso o Madame Shop ou seus fornecedores ser\u00e3o respons\u00e1veis \u200b\u200bpor quaisquer danos (incluindo, sem limita\u00e7\u00e3o, danos por perda de dados ou lucro ou devido a interrup\u00e7\u00e3o dos neg\u00f3cios) decorrentes do uso ou da incapacidade de usar os materiais em Madame Shop, mesmo que Madame Shop ou um representante autorizado da Madame Shop tenha sido notificado oralmente ou por escrito da possibilidade de tais danos. <\/span><\/p>\n<p style=\"box-sizing: border-box; margin-top: 0px; margin-bottom: 1rem; font-size: 16px; font-weight: 400; letter-spacing: normal;\"><span style=\"color: #000000;\">Como algumas jurisdi\u00e7\u00f5es n\u00e3o permitem limita\u00e7\u00f5es em garantias impl\u00edcitas, ou limita\u00e7\u00f5es de responsabilidade por danos consequentes ou incidentais, essas limita\u00e7\u00f5es podem n\u00e3o se aplicar a voc\u00ea.<\/span><\/p>\n<p>&nbsp;<\/p>\n<h2 style=\"box-sizing: border-box; margin: 0px; line-height: 1.2; font-size: 20px; letter-spacing: -0.05em; color: #576d96; padding-bottom: 20px; font-family: Montserrat, sans-serif; background-color: #ffffff;\"><span style=\"color: #000000;\">5. Precis\u00e3o dos materiais<\/span><\/h2>\n<p style=\"box-sizing: border-box; margin-top: 0px; margin-bottom: 1rem; font-size: 16px; font-weight: 400; letter-spacing: normal;\"><span style=\"color: #000000;\">Os materiais exibidos no site da Madame Shop podem incluir erros t\u00e9cnicos, tipogr\u00e1ficos ou fotogr\u00e1ficos. Madame Shop n\u00e3o garante que qualquer material em seu site seja preciso, completo ou atual. Madame Shop pode fazer altera\u00e7\u00f5es nos materiais contidos em seu site a qualquer momento, sem aviso pr\u00e9vio. No entanto, Madame Shop n\u00e3o se compromete a atualizar os materiais.<\/span><\/p>\n<h2 style=\"box-sizing: border-box; margin: 0px; line-height: 1.2; font-size: 20px; letter-spacing: -0.05em; color: #576d96; padding-bottom: 20px; font-family: Montserrat, sans-serif; background-color: #ffffff;\"><span style=\"color: #000000;\">6. Links<\/span><\/h2>\n<p style=\"box-sizing: border-box; margin-top: 0px; margin-bottom: 1rem; font-size: 16px; font-weight: 400; letter-spacing: normal;\"><span style=\"color: #000000;\">A Madame Shop n\u00e3o analisou todos os sites vinculados ao seu site e n\u00e3o \u00e9 respons\u00e1vel pelo conte\u00fado de nenhum site vinculado. A inclus\u00e3o de qualquer link n\u00e3o implica endosso por Madame Shop do site. O uso de qualquer site vinculado \u00e9 por conta e risco do usu\u00e1rio.<\/span><\/p>\n<p>&nbsp;<\/p>\n<h2 style=\"box-sizing: border-box; margin: 0px; line-height: 1.2; font-size: 20px; letter-spacing: -0.05em; color: #576d96; padding-bottom: 20px; font-family: Montserrat, sans-serif; background-color: #ffffff;\"><span style=\"color: #000000;\">7. Divulga\u00e7\u00e3o FTC<\/span><\/h2>\n<p><span style=\"color: #000000;\">Como participante de programas de afiliadas como Associados da Amazon e outros, sou remunerada pelas compras qualificadas efetuadas.<\/span><\/p>\n<p><span style=\"color: #000000;\">Se voc\u00ea estiver usando este site, precisa saber: ganho comiss\u00e3o por cada venda realizada por meio dos links dos produtos que aqui divulgo.<\/span><\/p>\n<p><span style=\"color: #000000;\">Se voc\u00ea for direcionado para um link externo, saiba que ele \u00e9 um link de afiliado. Ao clicar nele e adquirir um produto, voc\u00ea n\u00e3o pagar\u00e1 nada a mais por isso &#8211; e eu ganho uma comiss\u00e3o pela indica\u00e7\u00e3o do produto.<\/span><\/p>\n<p>&nbsp;<\/p>\n<h3 style=\"box-sizing: border-box; margin: 0px 0px 20px; line-height: 1.2; font-size: 16px; letter-spacing: -0.05em; color: #576d96; font-family: Montserrat, sans-serif; background-color: #ffffff;\"><span style=\"color: #000000;\">Modifica\u00e7\u00f5es<\/span><\/h3>\n<p style=\"box-sizing: border-box; margin-top: 0px; margin-bottom: 1rem; font-size: 16px; font-weight: 400; letter-spacing: normal;\"><span style=\"color: #000000;\">A Madame Shop pode revisar estes termos de servi\u00e7o do site a qualquer momento, sem aviso pr\u00e9vio. Ao usar este site, voc\u00ea concorda em ficar vinculado \u00e0 vers\u00e3o atual desses termos de servi\u00e7o.<\/span><\/p>\n<h3 style=\"box-sizing: border-box; margin: 0px 0px 20px; line-height: 1.2; font-size: 16px; letter-spacing: -0.05em; color: #576d96; font-family: Montserrat, sans-serif; background-color: #ffffff;\"><span style=\"color: #000000;\">Lei aplic\u00e1vel<\/span><\/h3>\n<p style=\"box-sizing: border-box; margin-top: 0px; margin-bottom: 1rem; font-size: 16px; font-weight: 400; letter-spacing: normal;\"><span style=\"color: #000000;\">Estes termos e condi\u00e7\u00f5es s\u00e3o regidos e interpretados de acordo com as leis da Madame Shop e voc\u00ea se submete irrevogavelmente \u00e0 jurisdi\u00e7\u00e3o exclusiva dos tribunais naquele estado ou localidade.<\/span><\/p>\n","protected":false},"excerpt":{"rendered":"<p>1. Aceita\u00e7\u00e3o dos Termos de Uso Ao acessar e usar este site Loja Madame Shop, voc\u00ea concorda em cumprir e estar vinculado a estes Termos de Uso, bem como todas as leis e regulamentos aplic\u00e1veis, sendo \u00fanico respons\u00e1vel pelo cumprimento de todas as leis locais aplic\u00e1veis. &#8211; Se voc\u00ea n\u00e3o concordar com algum desses termos, [&hellip;]<\/p>\n","protected":false},"author":4,"featured_media":0,"parent":0,"menu_order":0,"comment_status":"closed","ping_status":"closed","template":"","meta":{"footnotes":""},"class_list":["post-17","page","type-page","status-publish","hentry"],"blocksy_meta":{"styles_descriptor":{"styles":{"desktop":"","tablet":"","mobile":""},"google_fonts":[],"version":6}},"_links":{"self":[{"href":"https:\/\/madameshop.com.br\/loja\/wp-json\/wp\/v2\/pages\/17","targetHints":{"allow":["GET"]}}],"collection":[{"href":"https:\/\/madameshop.com.br\/loja\/wp-json\/wp\/v2\/pages"}],"about":[{"href":"https:\/\/madameshop.com.br\/loja\/wp-json\/wp\/v2\/types\/page"}],"author":[{"embeddable":true,"href":"https:\/\/madameshop.com.br\/loja\/wp-json\/wp\/v2\/users\/4"}],"replies":[{"embeddable":true,"href":"https:\/\/madameshop.com.br\/loja\/wp-json\/wp\/v2\/comments?post=17"}],"version-history":[{"count":1,"href":"https:\/\/madameshop.com.br\/loja\/wp-json\/wp\/v2\/pages\/17\/revisions"}],"predecessor-version":[{"id":36430,"href":"https:\/\/madameshop.com.br\/loja\/wp-json\/wp\/v2\/pages\/17\/revisions\/36430"}],"wp:attachment":[{"href":"https:\/\/madameshop.com.br\/loja\/wp-json\/wp\/v2\/media?parent=17"}],"curies":[{"name":"wp","href":"https:\/\/api.w.org\/{rel}","templated":true}]}}