{"id":1977,"date":"2025-02-27T12:49:28","date_gmt":"2025-02-27T15:49:28","guid":{"rendered":"https:\/\/madameshop.com.br\/loja\/?post_type=product&#038;p=1977"},"modified":"2025-02-27T18:58:36","modified_gmt":"2025-02-27T21:58:36","slug":"vestido-ciganinha-estampado","status":"publish","type":"product","link":"https:\/\/madameshop.com.br\/loja\/vestido-ciganinha-estampado\/","title":{"rendered":"Vestido Ciganinha Estampado"},"content":{"rendered":"<p>O <a href=\"https:\/\/s.shopee.com.br\/6pmCknxhn6\" target=\"_blank\" rel=\"noopener sponsored\"><strong>vestido ciganinha estampado<\/strong><\/a> \u00e9 uma pe\u00e7a vers\u00e1til e elegante, que est\u00e1 em alta na moda feminina. Com decote ombro a ombro, o modelo<strong> transmite um ar bo\u00eamio e rom\u00e2ntico<\/strong>, perfeito para diversas ocasi\u00f5es.<\/p>\n<div class=\"cegg5-container cegg-data_item\"><div class=\"container px-0 mb-5 mt-1\" >\n\n                        \n<div class=\"cegg-item-card cegg-card  border\">\n\n    \n        \n    <div class=\"row p-3\">\n        <div class=\"cegg-item-card-img-col  col-md-6 position-relative\" style=\"max-width: 400px;\">\n\n                            <div class=\"position-relative\">\n\n                    \n                    <a rel=\"sponsored noopener\" onclick=\"gtag(&#039;event&#039;,&#039;cegg_affiliate_click&#039;,{&#039;cegg_product_title&#039;:&#039;kit 2 Vestidos Midi Ciganinha&#039;,&#039;cegg_module&#039;:&#039;Shopee&#039;,&#039;cegg_merchant&#039;:&#039;Shopee&#039;,&#039;cegg_unique_id&#039;:&#039;22093683404&#039;,&#039;cegg_post_id&#039;:1977});\" target=\"_blank\" href=\"https:\/\/s.shopee.com.br\/4qBAcFsQGz\" data-cegg-click=\"1\" data-cegg-link-id=\"336\" class=\"cegg-click\">                    <div class=\"ratio ratio-1x1 \">\n                        <img class=\"object-fit-scale rounded\" src=\"\/\/madameshop.com.br\/loja\/wp-content\/uploads\/2025\/02\/kit2vestidosmidiciganinha.jpg\" decoding=\"async\" loading=\"lazy\" alt=\"kit 2 Vestidos Midi Ciganinha\" title=\"\">                    <\/div>\n                    <\/a>\n                <\/div>\n            \n        <\/div>\n\n        <div class=\"col ps-xl-3\">\n\n                            <h3 class=\"card-title h4 fw-normal  cegg-text-truncate-2 pt-2 pt-md-3\">kit 2 Vestidos Midi Ciganinha<\/h3>                        \n            \n                            <div class=\"cegg-card-price lh-1 mt-3 mb-2 hstack gap-4\">\n\n                    <div>\n                        <span class=\"cegg-price fs-4\">\n                            R$ 95,00                        <\/span>\n                                            <\/div>\n\n                    \n                <\/div>\n\n                            \n            \n                            <div class=\"cegg-card-cashback text-success small pt-1\">\n                                    <\/div>\n            \n                            <div class=\"cegg-card-button p-0 pt-3 d-grid col-sm-12 col-md-8\">\n\n                    <a rel=\"sponsored noopener\" onclick=\"gtag(&#039;event&#039;,&#039;cegg_affiliate_click&#039;,{&#039;cegg_product_title&#039;:&#039;kit 2 Vestidos Midi Ciganinha&#039;,&#039;cegg_module&#039;:&#039;Shopee&#039;,&#039;cegg_merchant&#039;:&#039;Shopee&#039;,&#039;cegg_unique_id&#039;:&#039;22093683404&#039;,&#039;cegg_post_id&#039;:1977});\" target=\"_blank\" href=\"https:\/\/s.shopee.com.br\/4qBAcFsQGz\" data-cegg-click=\"1\" data-cegg-link-id=\"336\" class=\"btn btn-success cegg-click\">SAIBA MAIS<\/a>                <\/div>\n                <div class=\"clearfix\"><\/div>\n\n            \n                            <div class=\"cegg-merchant fs-6 text-body-secondary pt-2\">\n\n                                            <span class=\"text-truncate\">Shopee.com.br<\/span>\n                    \n                    \n                <\/div>\n                        \n        <\/div>\n    <\/div>\n<\/div>                \n\n        <div class=\"row\">\n            <div class=\"col\">\n\n                                \n<div class=\"mb-4\"><\/div>\n\n                \n                                \n\n\n            <\/div>\n        <\/div>\n    <\/div>\n    <div class=\"container px-0 mb-5 mt-1\" >\n\n                        \n<div class=\"cegg-item-card cegg-card  border\">\n\n    \n        \n    <div class=\"row p-3\">\n        <div class=\"cegg-item-card-img-col  col-md-6 position-relative\" style=\"max-width: 400px;\">\n\n                            <div class=\"position-relative\">\n\n                    \n                    <a rel=\"sponsored noopener\" onclick=\"gtag(&#039;event&#039;,&#039;cegg_affiliate_click&#039;,{&#039;cegg_product_title&#039;:&#039;Vestido longo Ciganinha estampad&#039;,&#039;cegg_module&#039;:&#039;Shopee&#039;,&#039;cegg_merchant&#039;:&#039;Shopee&#039;,&#039;cegg_unique_id&#039;:&#039;19921872053&#039;,&#039;cegg_post_id&#039;:1977});\" target=\"_blank\" href=\"https:\/\/s.shopee.com.br\/16XVPbmg7\" data-cegg-click=\"1\" data-cegg-link-id=\"337\" class=\"cegg-click\">                    <div class=\"ratio ratio-1x1 \">\n                        <img class=\"object-fit-scale rounded\" src=\"\/\/madameshop.com.br\/loja\/wp-content\/uploads\/2025\/02\/vestidolongociganinhaestampad.jpg\" decoding=\"async\" loading=\"lazy\" alt=\"Vestido longo Ciganinha estampad\" title=\"\">                    <\/div>\n                    <\/a>\n                <\/div>\n            \n        <\/div>\n\n        <div class=\"col ps-xl-3\">\n\n                            <h3 class=\"card-title h4 fw-normal  cegg-text-truncate-2 pt-2 pt-md-3\">Vestido longo Ciganinha estampad<\/h3>                        \n            \n                            <div class=\"cegg-card-price lh-1 mt-3 mb-2 hstack gap-4\">\n\n                    <div>\n                        <span class=\"cegg-price fs-4\">\n                            R$ 59,99                        <\/span>\n                                                    <del class=\"cegg-old-price text-body-tertiary fs-5 fw-normal\">R$ 119,98<\/del>\n                                            <\/div>\n\n                    \n                <\/div>\n\n                            \n            \n                            <div class=\"cegg-card-cashback text-success small pt-1\">\n                                    <\/div>\n            \n                            <div class=\"cegg-card-button p-0 pt-3 d-grid col-sm-12 col-md-8\">\n\n                    <a rel=\"sponsored noopener\" onclick=\"gtag(&#039;event&#039;,&#039;cegg_affiliate_click&#039;,{&#039;cegg_product_title&#039;:&#039;Vestido longo Ciganinha estampad&#039;,&#039;cegg_module&#039;:&#039;Shopee&#039;,&#039;cegg_merchant&#039;:&#039;Shopee&#039;,&#039;cegg_unique_id&#039;:&#039;19921872053&#039;,&#039;cegg_post_id&#039;:1977});\" target=\"_blank\" href=\"https:\/\/s.shopee.com.br\/16XVPbmg7\" data-cegg-click=\"1\" data-cegg-link-id=\"337\" class=\"btn btn-success cegg-click\">SAIBA MAIS<\/a>                <\/div>\n                <div class=\"clearfix\"><\/div>\n\n            \n                            <div class=\"cegg-merchant fs-6 text-body-secondary pt-2\">\n\n                                            <span class=\"text-truncate\">Shopee.com.br<\/span>\n                    \n                    \n                <\/div>\n                        \n        <\/div>\n    <\/div>\n<\/div>                \n\n        <div class=\"row\">\n            <div class=\"col\">\n\n                                \n<div class=\"mb-4\"><\/div>\n\n                \n                                \n\n\n            <\/div>\n        <\/div>\n    <\/div>\n    <div class=\"container px-0 mb-5 mt-1\" >\n\n                        \n<div class=\"cegg-item-card cegg-card  border\">\n\n    \n        \n    <div class=\"row p-3\">\n        <div class=\"cegg-item-card-img-col  col-md-6 position-relative\" style=\"max-width: 400px;\">\n\n                            <div class=\"position-relative\">\n\n                    \n                    <a rel=\"sponsored noopener\" onclick=\"gtag(&#039;event&#039;,&#039;cegg_affiliate_click&#039;,{&#039;cegg_product_title&#039;:&#039;Vestido ciganinha curto ombro a ombro&#039;,&#039;cegg_module&#039;:&#039;Shopee&#039;,&#039;cegg_merchant&#039;:&#039;Shopee&#039;,&#039;cegg_unique_id&#039;:&#039;22493568970&#039;,&#039;cegg_post_id&#039;:1977});\" target=\"_blank\" href=\"https:\/\/s.shopee.com.br\/1gElUTe2DN\" data-cegg-click=\"1\" data-cegg-link-id=\"338\" class=\"cegg-click\">                    <div class=\"ratio ratio-1x1 \">\n                        <img class=\"object-fit-scale rounded\" src=\"\/\/madameshop.com.br\/loja\/wp-content\/uploads\/2025\/02\/vestidociganinhacurtoombroaombro.jpg\" decoding=\"async\" loading=\"lazy\" alt=\"Vestido ciganinha curto ombro a ombro\" title=\"\">                    <\/div>\n                    <\/a>\n                <\/div>\n            \n        <\/div>\n\n        <div class=\"col ps-xl-3\">\n\n                            <h3 class=\"card-title h4 fw-normal  cegg-text-truncate-2 pt-2 pt-md-3\">Vestido ciganinha curto ombro a ombro<\/h3>                        \n                            <div class=\"pt-0 fs-4\">\n                    <div class=\"cegg-rating-stars\" style=\"--rating: 4.9\"><span class=\"cegg-rating-value ps-2 text-body-secondary\">4.9<\/span><\/div>                <\/div>\n            \n                            <div class=\"cegg-card-price lh-1 mt-3 mb-2 hstack gap-4\">\n\n                    <div>\n                        <span class=\"cegg-price fs-4\">\n                            R$ 28,00                        <\/span>\n                                                    <del class=\"cegg-old-price text-body-tertiary fs-5 fw-normal\">R$ 50,00<\/del>\n                                            <\/div>\n\n                    \n                <\/div>\n\n                            \n            \n                            <div class=\"cegg-card-cashback text-success small pt-1\">\n                                    <\/div>\n            \n                            <div class=\"cegg-card-button p-0 pt-3 d-grid col-sm-12 col-md-8\">\n\n                    <a rel=\"sponsored noopener\" onclick=\"gtag(&#039;event&#039;,&#039;cegg_affiliate_click&#039;,{&#039;cegg_product_title&#039;:&#039;Vestido ciganinha curto ombro a ombro&#039;,&#039;cegg_module&#039;:&#039;Shopee&#039;,&#039;cegg_merchant&#039;:&#039;Shopee&#039;,&#039;cegg_unique_id&#039;:&#039;22493568970&#039;,&#039;cegg_post_id&#039;:1977});\" target=\"_blank\" href=\"https:\/\/s.shopee.com.br\/1gElUTe2DN\" data-cegg-click=\"1\" data-cegg-link-id=\"338\" class=\"btn btn-success cegg-click\">SAIBA MAIS<\/a>                <\/div>\n                <div class=\"clearfix\"><\/div>\n\n            \n                            <div class=\"cegg-merchant fs-6 text-body-secondary pt-2\">\n\n                                            <span class=\"text-truncate\">Shopee.com.br<\/span>\n                    \n                    \n                <\/div>\n                        \n        <\/div>\n    <\/div>\n<\/div>                \n\n        <div class=\"row\">\n            <div class=\"col\">\n\n                                \n<div class=\"mb-4\"><\/div>\n\n                \n                                \n\n\n            <\/div>\n        <\/div>\n    <\/div><\/div>\n<p>A estampa \u00e9tnica ou floral, t\u00edpica do estilo ciganinha, d\u00e1 um toque alegre e descontra\u00eddo ao visual.<\/p>\n<p>Fabricado em tecidos leves e fluidos, o vestido ciganinha estampado \u00e9 confort\u00e1vel e fresco, ideal para os dias quentes de ver\u00e3o. Al\u00e9m disso, a modelagem solta permite que o corpo respire e se movimente livremente, garantindo conforto durante todo o dia.<\/p>\n<p>Uma das <a href=\"https:\/\/s.shopee.com.br\/6pmCknxhn6\" target=\"_blank\" rel=\"noopener sponsored\">vantagens do vestido ciganinha estampado<\/a> \u00e9 que ele pode ser usado em diversas situa\u00e7\u00f5es. Combinado com sand\u00e1lias rasteiras e acess\u00f3rios de palha, por exemplo, o modelo fica perfeito para um passeio na praia ou no campo. J\u00e1 com um salto alto e acess\u00f3rios mais elaborados, como brincos grandes e pulseiras, o vestido ciganinha estampado pode ser uma \u00f3tima escolha para um evento mais sofisticado, como um casamento ou formatura.<\/p>\n<p>Outra op\u00e7\u00e3o \u00e9 <strong>utilizar o vestido ciganinha estampado em um look mais casual, com t\u00eanis branco e jaqueta jeans<\/strong>, criando um visual moderno e descontra\u00eddo. O modelo tamb\u00e9m pode ser combinado com botas de cano curto ou longo nos dias mais frios, criando um contraste interessante entre o estilo bo\u00eamio e o inverno.<\/p>\n<p>Dispon\u00edvel em diversas cores e estampas, o vestido ciganinha estampado \u00e9 uma pe\u00e7a curinga no guarda-roupa feminino, que pode ser usada em diferentes ocasi\u00f5es e esta\u00e7\u00f5es do ano. Al\u00e9m disso, a modelagem e o tecido leve garantem conforto e frescor em dias quentes, tornando-se uma \u00f3tima escolha para quem procura estilo e praticidade em uma \u00fanica pe\u00e7a. <strong>Invista nesse modelo e arrase nos seus looks<\/strong>!<\/p>\n<p>Que tal &#8220;Adquirir j\u00e1 o seu vestido ciganinha estampado e arrasar em qualquer ocasi\u00e3o? <a href=\"https:\/\/s.shopee.com.br\/6pmCknxhn6\" target=\"_blank\" rel=\"noopener sponsored\"><strong>Clique aqui<\/strong><\/a> para ver op\u00e7\u00f5es de estampas e tamanhos dispon\u00edveis e <strong>garanta o seu agora mesmo<\/strong>.&#8221;<\/p>\n","protected":false},"excerpt":{"rendered":"<p>O <a href=\"https:\/\/s.shopee.com.br\/6pmCknxhn6\" target=\"_blank\" rel=\"noopener sponsored\"><strong>vestido ciganinha estampado<\/strong><\/a> \u00e9 uma pe\u00e7a vers\u00e1til e confort\u00e1vel, que se destaca pelo decote ombro a ombro e pela saia ampla com babados.<\/p>\n<p>O tecido leve e fresco, aliado \u00e0 estampa colorida e alegre, garantem um visual elegante e descontra\u00eddo ao mesmo tempo.<\/p>\n<p>Ideal para compor looks tanto para o dia quanto para a noite, essa pe\u00e7a \u00e9 uma excelente escolha para quem busca estilo e praticidade.<\/p>\n","protected":false},"featured_media":2030,"comment_status":"closed","ping_status":"closed","template":"","meta":[],"product_brand":[],"product_cat":[573,575,574,602],"product_tag":[],"class_list":{"0":"post-1977","1":"product","2":"type-product","3":"status-publish","4":"has-post-thumbnail","6":"product_cat-vestidos","7":"product_cat-vestido-midi","8":"product_cat-moda-evangelica","9":"product_cat-vestido-rodado","11":"first","12":"instock","13":"sale","14":"shipping-taxable","15":"product-type-external"},"_links":{"self":[{"href":"https:\/\/madameshop.com.br\/loja\/wp-json\/wp\/v2\/product\/1977","targetHints":{"allow":["GET"]}}],"collection":[{"href":"https:\/\/madameshop.com.br\/loja\/wp-json\/wp\/v2\/product"}],"about":[{"href":"https:\/\/madameshop.com.br\/loja\/wp-json\/wp\/v2\/types\/product"}],"replies":[{"embeddable":true,"href":"https:\/\/madameshop.com.br\/loja\/wp-json\/wp\/v2\/comments?post=1977"}],"version-history":[{"count":3,"href":"https:\/\/madameshop.com.br\/loja\/wp-json\/wp\/v2\/product\/1977\/revisions"}],"predecessor-version":[{"id":37490,"href":"https:\/\/madameshop.com.br\/loja\/wp-json\/wp\/v2\/product\/1977\/revisions\/37490"}],"wp:featuredmedia":[{"embeddable":true,"href":"https:\/\/madameshop.com.br\/loja\/wp-json\/wp\/v2\/media\/2030"}],"wp:attachment":[{"href":"https:\/\/madameshop.com.br\/loja\/wp-json\/wp\/v2\/media?parent=1977"}],"wp:term":[{"taxonomy":"product_brand","embeddable":true,"href":"https:\/\/madameshop.com.br\/loja\/wp-json\/wp\/v2\/product_brand?post=1977"},{"taxonomy":"product_cat","embeddable":true,"href":"https:\/\/madameshop.com.br\/loja\/wp-json\/wp\/v2\/product_cat?post=1977"},{"taxonomy":"product_tag","embeddable":true,"href":"https:\/\/madameshop.com.br\/loja\/wp-json\/wp\/v2\/product_tag?post=1977"}],"curies":[{"name":"wp","href":"https:\/\/api.w.org\/{rel}","templated":true}]}}