{"id":2102,"date":"2025-02-27T10:00:16","date_gmt":"2025-02-27T13:00:16","guid":{"rendered":"https:\/\/madameshop.com.br\/loja\/?post_type=product&#038;p=2102"},"modified":"2025-02-27T19:26:28","modified_gmt":"2025-02-27T22:26:28","slug":"vestido-de-renda-azul","status":"publish","type":"product","link":"https:\/\/madameshop.com.br\/loja\/vestido-de-renda-azul\/","title":{"rendered":"Vestido de Renda Azul"},"content":{"rendered":"<p>Com este<strong> vestido de renda azul<\/strong>, voc\u00ea estar\u00e1 pronta para arrasar em qualquer ocasi\u00e3o.<\/p>\n<div class=\"cegg5-container cegg-data_item\"><div class=\"container px-0 mb-5 mt-1\" >\n\n                        \n<div class=\"cegg-item-card cegg-card  border\">\n\n    \n        \n    <div class=\"row p-3\">\n        <div class=\"cegg-item-card-img-col  col-md-6 position-relative\" style=\"max-width: 400px;\">\n\n                            <div class=\"position-relative\">\n\n                    \n                    <a rel=\"sponsored noopener\" onclick=\"gtag(&#039;event&#039;,&#039;cegg_affiliate_click&#039;,{&#039;cegg_product_title&#039;:&#039;Vestido Feminino Gode Rendado&#039;,&#039;cegg_module&#039;:&#039;Shopee&#039;,&#039;cegg_merchant&#039;:&#039;Shopee&#039;,&#039;cegg_unique_id&#039;:&#039;13485663425&#039;,&#039;cegg_post_id&#039;:2102});\" target=\"_blank\" href=\"https:\/\/s.shopee.com.br\/9AKOUvI0Ta\" data-cegg-click=\"1\" data-cegg-link-id=\"350\" class=\"cegg-click\">                    <div class=\"ratio ratio-1x1 \">\n                        <img class=\"object-fit-scale rounded\" src=\"\/\/madameshop.com.br\/loja\/wp-content\/uploads\/2025\/03\/vestidofemininogoderendado.jpg\" decoding=\"async\" loading=\"lazy\" alt=\"Vestido Feminino Gode Rendado\" title=\"\">                    <\/div>\n                    <\/a>\n                <\/div>\n            \n        <\/div>\n\n        <div class=\"col ps-xl-3\">\n\n                            <h3 class=\"card-title h4 fw-normal  cegg-text-truncate-2 pt-2 pt-md-3\">Vestido Feminino Gode Rendado<\/h3>                        \n                            <div class=\"pt-0 fs-4\">\n                    <div class=\"cegg-rating-stars\" style=\"--rating: 4.9\"><span class=\"cegg-rating-value ps-2 text-body-secondary\">4.9<\/span><\/div>                <\/div>\n            \n                            <div class=\"cegg-card-price lh-1 mt-3 mb-2 hstack gap-4\">\n\n                    <div>\n                        <span class=\"cegg-price fs-4\">\n                            R$ 146,90                        <\/span>\n                                                    <del class=\"cegg-old-price text-body-tertiary fs-5 fw-normal\">R$ 161,43<\/del>\n                                            <\/div>\n\n                    \n                <\/div>\n\n                            \n            \n                            <div class=\"cegg-card-cashback text-success small pt-1\">\n                                    <\/div>\n            \n                            <div class=\"cegg-card-button p-0 pt-3 d-grid col-sm-12 col-md-8\">\n\n                    <a rel=\"sponsored noopener\" onclick=\"gtag(&#039;event&#039;,&#039;cegg_affiliate_click&#039;,{&#039;cegg_product_title&#039;:&#039;Vestido Feminino Gode Rendado&#039;,&#039;cegg_module&#039;:&#039;Shopee&#039;,&#039;cegg_merchant&#039;:&#039;Shopee&#039;,&#039;cegg_unique_id&#039;:&#039;13485663425&#039;,&#039;cegg_post_id&#039;:2102});\" target=\"_blank\" href=\"https:\/\/s.shopee.com.br\/9AKOUvI0Ta\" data-cegg-click=\"1\" data-cegg-link-id=\"350\" class=\"btn btn-success cegg-click\">SAIBA MAIS<\/a>                <\/div>\n                <div class=\"clearfix\"><\/div>\n\n            \n                            <div class=\"cegg-merchant fs-6 text-body-secondary pt-2\">\n\n                                            <span class=\"text-truncate\">Shopee.com.br<\/span>\n                    \n                    \n                <\/div>\n                        \n        <\/div>\n    <\/div>\n<\/div>                \n\n        <div class=\"row\">\n            <div class=\"col\">\n\n                                \n<div class=\"mb-4\"><\/div>\n\n                \n                                \n\n\n            <\/div>\n        <\/div>\n    <\/div>\n    <div class=\"container px-0 mb-5 mt-1\" >\n\n                        \n<div class=\"cegg-item-card cegg-card  border\">\n\n    \n        \n    <div class=\"row p-3\">\n        <div class=\"cegg-item-card-img-col  col-md-6 position-relative\" style=\"max-width: 400px;\">\n\n                            <div class=\"position-relative\">\n\n                    \n                    <a rel=\"sponsored noopener\" onclick=\"gtag(&#039;event&#039;,&#039;cegg_affiliate_click&#039;,{&#039;cegg_product_title&#039;:&#039;Vestido Renda Com La\u00e7o&#039;,&#039;cegg_module&#039;:&#039;Shopee&#039;,&#039;cegg_merchant&#039;:&#039;Shopee&#039;,&#039;cegg_unique_id&#039;:&#039;20697476133&#039;,&#039;cegg_post_id&#039;:2102});\" target=\"_blank\" href=\"https:\/\/s.shopee.com.br\/1LbXAWqdlc\" data-cegg-click=\"1\" data-cegg-link-id=\"351\" class=\"cegg-click\">                    <div class=\"ratio ratio-1x1 \">\n                        <img class=\"object-fit-scale rounded\" src=\"\/\/madameshop.com.br\/loja\/wp-content\/uploads\/2025\/03\/vestidorendacomlao.jpg\" decoding=\"async\" loading=\"lazy\" alt=\"Vestido Renda Com La\u00e7o\" title=\"\">                    <\/div>\n                    <\/a>\n                <\/div>\n            \n        <\/div>\n\n        <div class=\"col ps-xl-3\">\n\n                            <h3 class=\"card-title h4 fw-normal  cegg-text-truncate-2 pt-2 pt-md-3\">Vestido Renda Com La\u00e7o<\/h3>                        \n                            <div class=\"pt-0 fs-4\">\n                    <div class=\"cegg-rating-stars\" style=\"--rating: 4.5\"><span class=\"cegg-rating-value ps-2 text-body-secondary\">4.5<\/span><\/div>                <\/div>\n            \n                            <div class=\"cegg-card-price lh-1 mt-3 mb-2 hstack gap-4\">\n\n                    <div>\n                        <span class=\"cegg-price fs-4\">\n                            R$ 137,65                        <\/span>\n                                                    <del class=\"cegg-old-price text-body-tertiary fs-5 fw-normal\">R$ 144,89<\/del>\n                                            <\/div>\n\n                    \n                <\/div>\n\n                            \n            \n                            <div class=\"cegg-card-cashback text-success small pt-1\">\n                                    <\/div>\n            \n                            <div class=\"cegg-card-button p-0 pt-3 d-grid col-sm-12 col-md-8\">\n\n                    <a rel=\"sponsored noopener\" onclick=\"gtag(&#039;event&#039;,&#039;cegg_affiliate_click&#039;,{&#039;cegg_product_title&#039;:&#039;Vestido Renda Com La\u00e7o&#039;,&#039;cegg_module&#039;:&#039;Shopee&#039;,&#039;cegg_merchant&#039;:&#039;Shopee&#039;,&#039;cegg_unique_id&#039;:&#039;20697476133&#039;,&#039;cegg_post_id&#039;:2102});\" target=\"_blank\" href=\"https:\/\/s.shopee.com.br\/1LbXAWqdlc\" data-cegg-click=\"1\" data-cegg-link-id=\"351\" class=\"btn btn-success cegg-click\">SAIBA MAIS<\/a>                <\/div>\n                <div class=\"clearfix\"><\/div>\n\n            \n                            <div class=\"cegg-merchant fs-6 text-body-secondary pt-2\">\n\n                                            <span class=\"text-truncate\">Shopee.com.br<\/span>\n                    \n                    \n                <\/div>\n                        \n        <\/div>\n    <\/div>\n<\/div>                \n\n        <div class=\"row\">\n            <div class=\"col\">\n\n                                \n<div class=\"mb-4\"><\/div>\n\n                \n                                \n\n\n            <\/div>\n        <\/div>\n    <\/div>\n    <div class=\"container px-0 mb-5 mt-1\" >\n\n                        \n<div class=\"cegg-item-card cegg-card  border\">\n\n    \n        \n    <div class=\"row p-3\">\n        <div class=\"cegg-item-card-img-col  col-md-6 position-relative\" style=\"max-width: 400px;\">\n\n                            <div class=\"position-relative\">\n\n                    \n                    <a rel=\"sponsored noopener\" onclick=\"gtag(&#039;event&#039;,&#039;cegg_affiliate_click&#039;,{&#039;cegg_product_title&#039;:&#039;Vestido Renda Plus Size&#039;,&#039;cegg_module&#039;:&#039;Shopee&#039;,&#039;cegg_merchant&#039;:&#039;Shopee&#039;,&#039;cegg_unique_id&#039;:&#039;19197631617&#039;,&#039;cegg_post_id&#039;:2102});\" target=\"_blank\" href=\"https:\/\/s.shopee.com.br\/7fVaiAWW6a\" data-cegg-click=\"1\" data-cegg-link-id=\"352\" class=\"cegg-click\">                    <div class=\"ratio ratio-1x1 \">\n                        <img class=\"object-fit-scale rounded\" src=\"\/\/madameshop.com.br\/loja\/wp-content\/uploads\/2025\/03\/vestidorendaplussize.jpg\" decoding=\"async\" loading=\"lazy\" alt=\"Vestido Renda Plus Size\" title=\"\">                    <\/div>\n                    <\/a>\n                <\/div>\n            \n        <\/div>\n\n        <div class=\"col ps-xl-3\">\n\n                            <h3 class=\"card-title h4 fw-normal  cegg-text-truncate-2 pt-2 pt-md-3\">Vestido Renda Plus Size<\/h3>                        \n                            <div class=\"pt-0 fs-4\">\n                    <div class=\"cegg-rating-stars\" style=\"--rating: 4.9\"><span class=\"cegg-rating-value ps-2 text-body-secondary\">4.9<\/span><\/div>                <\/div>\n            \n                            <div class=\"cegg-card-price lh-1 mt-3 mb-2 hstack gap-4\">\n\n                    <div>\n                        <span class=\"cegg-price fs-4\">\n                            R$ 132,05                        <\/span>\n                                                    <del class=\"cegg-old-price text-body-tertiary fs-5 fw-normal\">R$ 139,00<\/del>\n                                            <\/div>\n\n                    \n                <\/div>\n\n                            \n            \n                            <div class=\"cegg-card-cashback text-success small pt-1\">\n                                    <\/div>\n            \n                            <div class=\"cegg-card-button p-0 pt-3 d-grid col-sm-12 col-md-8\">\n\n                    <a rel=\"sponsored noopener\" onclick=\"gtag(&#039;event&#039;,&#039;cegg_affiliate_click&#039;,{&#039;cegg_product_title&#039;:&#039;Vestido Renda Plus Size&#039;,&#039;cegg_module&#039;:&#039;Shopee&#039;,&#039;cegg_merchant&#039;:&#039;Shopee&#039;,&#039;cegg_unique_id&#039;:&#039;19197631617&#039;,&#039;cegg_post_id&#039;:2102});\" target=\"_blank\" href=\"https:\/\/s.shopee.com.br\/7fVaiAWW6a\" data-cegg-click=\"1\" data-cegg-link-id=\"352\" class=\"btn btn-success cegg-click\">SAIBA MAIS<\/a>                <\/div>\n                <div class=\"clearfix\"><\/div>\n\n            \n                            <div class=\"cegg-merchant fs-6 text-body-secondary pt-2\">\n\n                                            <span class=\"text-truncate\">Shopee.com.br<\/span>\n                    \n                    \n                <\/div>\n                        \n        <\/div>\n    <\/div>\n<\/div>                \n\n        <div class=\"row\">\n            <div class=\"col\">\n\n                                \n<div class=\"mb-4\"><\/div>\n\n                \n                                \n\n\n            <\/div>\n        <\/div>\n    <\/div><\/div>\n<p>Com uma c<strong>ombina\u00e7\u00e3o perfeita de eleg\u00e2ncia e sensualidade<\/strong>, este vestido \u00e9 perfeito para eventos formais, como casamentos, formaturas, jantares e outras celebra\u00e7\u00f5es.<\/p>\n<p>O tecido de renda \u00e9 macio ao toque e delicado na apar\u00eancia, oferecendo um visual sofisticado e feminino. Al\u00e9m disso, a cor azul traz um toque de frescor e tranquilidade, transmitindo uma sensa\u00e7\u00e3o de serenidade e seguran\u00e7a.<\/p>\n<p>O comprimento do vestido \u00e9 midi, ideal para valorizar as pernas e oferecer um ar jovial. A modelagem justa ao corpo valoriza a silhueta e real\u00e7a as curvas femininas, enquanto o decote em V adiciona um toque de sensualidade na medida certa.<\/p>\n<div class=\"cegg5-container cegg-data_item\"><div class=\"container px-0 mb-5 mt-1\" >\n\n                        \n<div class=\"cegg-item-card cegg-card  border\">\n\n    \n        \n    <div class=\"row p-3\">\n        <div class=\"cegg-item-card-img-col  col-md-6 position-relative\" style=\"max-width: 400px;\">\n\n                            <div class=\"position-relative\">\n\n                    \n                    <a rel=\"sponsored noopener\" onclick=\"gtag(&#039;event&#039;,&#039;cegg_affiliate_click&#039;,{&#039;cegg_product_title&#039;:&#039;Vestido Midi Cinto Luxo Renda&#039;,&#039;cegg_module&#039;:&#039;Shopee&#039;,&#039;cegg_merchant&#039;:&#039;Shopee&#039;,&#039;cegg_unique_id&#039;:&#039;18799569947&#039;,&#039;cegg_post_id&#039;:2102});\" target=\"_blank\" href=\"https:\/\/s.shopee.com.br\/10xuQLALhM\" data-cegg-click=\"1\" data-cegg-link-id=\"353\" class=\"cegg-click\">                    <div class=\"ratio ratio-1x1 \">\n                        <img class=\"object-fit-scale rounded\" src=\"\/\/madameshop.com.br\/loja\/wp-content\/uploads\/2025\/03\/vestidomidicintoluxorenda.jpg\" decoding=\"async\" loading=\"lazy\" alt=\"Vestido Midi Cinto Luxo Renda\" title=\"\">                    <\/div>\n                    <\/a>\n                <\/div>\n            \n        <\/div>\n\n        <div class=\"col ps-xl-3\">\n\n                            <h3 class=\"card-title h4 fw-normal  cegg-text-truncate-2 pt-2 pt-md-3\">Vestido Midi Cinto Luxo Renda<\/h3>                        \n                            <div class=\"pt-0 fs-4\">\n                    <div class=\"cegg-rating-stars\" style=\"--rating: 5\"><span class=\"cegg-rating-value ps-2 text-body-secondary\">5.0<\/span><\/div>                <\/div>\n            \n                            <div class=\"cegg-card-price lh-1 mt-3 mb-2 hstack gap-4\">\n\n                    <div>\n                        <span class=\"cegg-price fs-4\">\n                            R$ 273,75                        <\/span>\n                                            <\/div>\n\n                    \n                <\/div>\n\n                            \n            \n                            <div class=\"cegg-card-cashback text-success small pt-1\">\n                                    <\/div>\n            \n                            <div class=\"cegg-card-button p-0 pt-3 d-grid col-sm-12 col-md-8\">\n\n                    <a rel=\"sponsored noopener\" onclick=\"gtag(&#039;event&#039;,&#039;cegg_affiliate_click&#039;,{&#039;cegg_product_title&#039;:&#039;Vestido Midi Cinto Luxo Renda&#039;,&#039;cegg_module&#039;:&#039;Shopee&#039;,&#039;cegg_merchant&#039;:&#039;Shopee&#039;,&#039;cegg_unique_id&#039;:&#039;18799569947&#039;,&#039;cegg_post_id&#039;:2102});\" target=\"_blank\" href=\"https:\/\/s.shopee.com.br\/10xuQLALhM\" data-cegg-click=\"1\" data-cegg-link-id=\"353\" class=\"btn btn-success cegg-click\">SAIBA MAIS<\/a>                <\/div>\n                <div class=\"clearfix\"><\/div>\n\n            \n                            <div class=\"cegg-merchant fs-6 text-body-secondary pt-2\">\n\n                                            <span class=\"text-truncate\">Shopee.com.br<\/span>\n                    \n                    \n                <\/div>\n                        \n        <\/div>\n    <\/div>\n<\/div>                \n\n        <div class=\"row\">\n            <div class=\"col\">\n\n                                \n<div class=\"mb-4\"><\/div>\n\n                \n                                \n\n\n            <\/div>\n        <\/div>\n    <\/div>\n    <div class=\"container px-0 mb-5 mt-1\" >\n\n                        \n<div class=\"cegg-item-card cegg-card  border\">\n\n    \n        \n    <div class=\"row p-3\">\n        <div class=\"cegg-item-card-img-col  col-md-6 position-relative\" style=\"max-width: 400px;\">\n\n                            <div class=\"position-relative\">\n\n                    \n                    <a rel=\"sponsored noopener\" onclick=\"gtag(&#039;event&#039;,&#039;cegg_affiliate_click&#039;,{&#039;cegg_product_title&#039;:&#039;Vestido Longo de Renda&#039;,&#039;cegg_module&#039;:&#039;Shopee&#039;,&#039;cegg_merchant&#039;:&#039;Shopee&#039;,&#039;cegg_unique_id&#039;:&#039;10106138524&#039;,&#039;cegg_post_id&#039;:2102});\" target=\"_blank\" href=\"https:\/\/s.shopee.com.br\/3fzRwozDZW\" data-cegg-click=\"1\" data-cegg-link-id=\"354\" class=\"cegg-click\">                    <div class=\"ratio ratio-1x1 \">\n                        <img class=\"object-fit-scale rounded\" src=\"\/\/madameshop.com.br\/loja\/wp-content\/uploads\/2025\/03\/vestidolongoderenda.jpg\" decoding=\"async\" loading=\"lazy\" alt=\"Vestido Longo de Renda\" title=\"\">                    <\/div>\n                    <\/a>\n                <\/div>\n            \n        <\/div>\n\n        <div class=\"col ps-xl-3\">\n\n                            <h3 class=\"card-title h4 fw-normal  cegg-text-truncate-2 pt-2 pt-md-3\">Vestido Longo de Renda<\/h3>                        \n                            <div class=\"pt-0 fs-4\">\n                    <div class=\"cegg-rating-stars\" style=\"--rating: 5\"><span class=\"cegg-rating-value ps-2 text-body-secondary\">5.0<\/span><\/div>                <\/div>\n            \n                            <div class=\"cegg-card-price lh-1 mt-3 mb-2 hstack gap-4\">\n\n                    <div>\n                        <span class=\"cegg-price fs-4\">\n                            R$ 169,90                        <\/span>\n                                            <\/div>\n\n                    \n                <\/div>\n\n                            \n            \n                            <div class=\"cegg-card-cashback text-success small pt-1\">\n                                    <\/div>\n            \n                            <div class=\"cegg-card-button p-0 pt-3 d-grid col-sm-12 col-md-8\">\n\n                    <a rel=\"sponsored noopener\" onclick=\"gtag(&#039;event&#039;,&#039;cegg_affiliate_click&#039;,{&#039;cegg_product_title&#039;:&#039;Vestido Longo de Renda&#039;,&#039;cegg_module&#039;:&#039;Shopee&#039;,&#039;cegg_merchant&#039;:&#039;Shopee&#039;,&#039;cegg_unique_id&#039;:&#039;10106138524&#039;,&#039;cegg_post_id&#039;:2102});\" target=\"_blank\" href=\"https:\/\/s.shopee.com.br\/3fzRwozDZW\" data-cegg-click=\"1\" data-cegg-link-id=\"354\" class=\"btn btn-success cegg-click\">SAIBA MAIS<\/a>                <\/div>\n                <div class=\"clearfix\"><\/div>\n\n            \n                            <div class=\"cegg-merchant fs-6 text-body-secondary pt-2\">\n\n                                            <span class=\"text-truncate\">Shopee.com.br<\/span>\n                    \n                    \n                <\/div>\n                        \n        <\/div>\n    <\/div>\n<\/div>                \n\n        <div class=\"row\">\n            <div class=\"col\">\n\n                                \n<div class=\"mb-4\"><\/div>\n\n                \n                                \n\n\n            <\/div>\n        <\/div>\n    <\/div><\/div>\n<p>Combinando o vestido de renda azul com acess\u00f3rios adequados, voc\u00ea pode criar uma variedade de looks. Para um evento mais formal, opte por acess\u00f3rios cl\u00e1ssicos, como um colar de p\u00e9rolas e um par de brincos pequenos.<\/p>\n<p>Para um evento mais descontra\u00eddo, um chap\u00e9u de palha e um par de sand\u00e1lias confort\u00e1veis podem ser a escolha perfeita.<\/p>\n<p>N\u00e3o importa a ocasi\u00e3o, o vestido de renda azul \u00e9 uma<strong> escolha elegante e vers\u00e1til<\/strong> que n\u00e3o pode faltar no guarda-roupa de qualquer mulher.<\/p>\n<p>Ent\u00e3o, por que esperar? <strong>Adquira agora o seu<\/strong> e esteja pronta para brilhar em qualquer evento!<\/p>\n","protected":false},"excerpt":{"rendered":"<p>Descubra o charme e a eleg\u00e2ncia deste <strong>vestido de renda azul<\/strong>! Perfeito para ocasi\u00f5es especiais ou eventos formais, este vestido \u00e9 uma escolha elegante e sofisticada.<\/p>\n<p>A renda azul \u00e9 delicadamente trabalhada para criar um padr\u00e3o sutil e elegante, adicionando um toque de textura ao vestido.<\/p>\n<p>O corte ajustado e o comprimento midi ajudam a real\u00e7ar a silhueta feminina, enquanto o decote com transpar\u00eancia acrescenta um toque de sensualidade.<\/p>\n<p>O vestido \u00e9 feito com tecido de alta qualidade e acabamentos precisos, proporcionando conforto e durabilidade.<\/p>\n<p>Este vestido \u00e9 uma<strong> excelente escolha para mulheres que procuram um visual elegante<\/strong> e sofisticado em eventos formais ou ocasi\u00f5es especiais.<\/p>\n","protected":false},"featured_media":2134,"comment_status":"closed","ping_status":"closed","template":"","meta":[],"product_brand":[],"product_cat":[603,575,574,573],"product_tag":[],"class_list":{"0":"post-2102","1":"product","2":"type-product","3":"status-publish","4":"has-post-thumbnail","6":"product_cat-tubinho","7":"product_cat-vestido-midi","8":"product_cat-moda-evangelica","9":"product_cat-vestidos","11":"first","12":"instock","13":"shipping-taxable","14":"product-type-external"},"_links":{"self":[{"href":"https:\/\/madameshop.com.br\/loja\/wp-json\/wp\/v2\/product\/2102","targetHints":{"allow":["GET"]}}],"collection":[{"href":"https:\/\/madameshop.com.br\/loja\/wp-json\/wp\/v2\/product"}],"about":[{"href":"https:\/\/madameshop.com.br\/loja\/wp-json\/wp\/v2\/types\/product"}],"replies":[{"embeddable":true,"href":"https:\/\/madameshop.com.br\/loja\/wp-json\/wp\/v2\/comments?post=2102"}],"version-history":[{"count":1,"href":"https:\/\/madameshop.com.br\/loja\/wp-json\/wp\/v2\/product\/2102\/revisions"}],"predecessor-version":[{"id":37499,"href":"https:\/\/madameshop.com.br\/loja\/wp-json\/wp\/v2\/product\/2102\/revisions\/37499"}],"wp:featuredmedia":[{"embeddable":true,"href":"https:\/\/madameshop.com.br\/loja\/wp-json\/wp\/v2\/media\/2134"}],"wp:attachment":[{"href":"https:\/\/madameshop.com.br\/loja\/wp-json\/wp\/v2\/media?parent=2102"}],"wp:term":[{"taxonomy":"product_brand","embeddable":true,"href":"https:\/\/madameshop.com.br\/loja\/wp-json\/wp\/v2\/product_brand?post=2102"},{"taxonomy":"product_cat","embeddable":true,"href":"https:\/\/madameshop.com.br\/loja\/wp-json\/wp\/v2\/product_cat?post=2102"},{"taxonomy":"product_tag","embeddable":true,"href":"https:\/\/madameshop.com.br\/loja\/wp-json\/wp\/v2\/product_tag?post=2102"}],"curies":[{"name":"wp","href":"https:\/\/api.w.org\/{rel}","templated":true}]}}