{"id":2722,"date":"2025-02-27T09:15:43","date_gmt":"2025-02-27T12:15:43","guid":{"rendered":"https:\/\/madameshop.com.br\/loja\/?post_type=product&#038;p=2722"},"modified":"2025-02-27T13:14:39","modified_gmt":"2025-02-27T16:14:39","slug":"sobretudo-feminino-cinza-com-bolsos","status":"publish","type":"product","link":"https:\/\/madameshop.com.br\/loja\/sobretudo-feminino-cinza-com-bolsos\/","title":{"rendered":"Sobretudo Feminino Cinza com Bolsos"},"content":{"rendered":"<p>Voc\u00ea est\u00e1 procurando um <strong>sobretudo feminino que seja elegante, confort\u00e1vel e vers\u00e1til<\/strong>? Ent\u00e3o voc\u00ea precisa conhecer este incr\u00edvel Sobretudo Feminino Cinza com Bolsos!<\/p>\n<div class=\"cegg5-container cegg-item_simple\"><div class=\"container px-0 mb-5 mt-1\" >\n        \n<div class=\"cegg-item-card cegg-card  border\">\n\n    \n        \n    <div class=\"row p-3\">\n        <div class=\"cegg-item-card-img-col  col-md-6 position-relative\" style=\"max-width: 400px;\">\n\n                            <div class=\"position-relative\">\n\n                    \n                    <a rel=\"sponsored noopener\" onclick=\"gtag(&#039;event&#039;,&#039;cegg_affiliate_click&#039;,{&#039;cegg_product_title&#039;:&#039;Sobretudo com Bolsos Marrom&#039;,&#039;cegg_module&#039;:&#039;Awin&#039;,&#039;cegg_merchant&#039;:&#039;Posthaus BR&#039;,&#039;cegg_unique_id&#039;:&#039;35762981046&#039;,&#039;cegg_post_id&#039;:2722});\" target=\"_blank\" href=\"https:\/\/www.awin1.com\/pclick.php?p=35762981046&amp;a=1283115&amp;m=17634\" data-cegg-click=\"1\" data-cegg-link-id=\"252\" class=\"cegg-click\">                    <div class=\"ratio ratio-1x1 \">\n                        <img class=\"object-fit-scale rounded\" src=\"\/\/madameshop.com.br\/loja\/wp-content\/uploads\/2025\/02\/sobretudocombolsosmarrom-1.jpg\" decoding=\"async\" loading=\"lazy\" alt=\"Sobretudo com Bolsos Marrom\" title=\"\">                    <\/div>\n                    <\/a>\n                <\/div>\n            \n        <\/div>\n\n        <div class=\"col ps-xl-3\">\n\n                            <h3 class=\"card-title h4 fw-normal  cegg-text-truncate-2 pt-2 pt-md-3\">Sobretudo com Bolsos Marrom<\/h3>                        \n                            <div class=\"pt-0 fs-4\">\n                    <div class=\"cegg-rating-stars\" style=\"--rating: 4\"><span class=\"cegg-rating-value ps-2 text-body-secondary\">4.0<\/span><\/div>                <\/div>\n            \n                            <div class=\"cegg-card-price lh-1 mt-3 mb-2 hstack gap-4\">\n\n                    <div>\n                        <span class=\"cegg-price fs-4\">\n                            R$ 144,99                        <\/span>\n                                            <\/div>\n\n                    \n                <\/div>\n\n                                    <div class=\"cegg-stock-status small\">\n                        <span class=\"text-body-secondary\"><span class=\"text-success\"><span class=\"me-2\"><svg xmlns=\"http:\/\/www.w3.org\/2000\/svg\" width=\"16\" height=\"16\" fill=\"currentColor\" class=\"bi bi-check2\" viewBox=\"0 0 16 16\"><path d=\"M13.854 3.646a.5.5 0 0 1 0 .708l-7 7a.5.5 0 0 1-.708 0l-3.5-3.5a.5.5 0 1 1 .708-.708L6.5 10.293l6.646-6.647a.5.5 0 0 1 .708 0\"\/><\/svg><\/span><\/span><\/span>                    <\/div>\n                            \n            \n                            <div class=\"cegg-card-cashback text-success small pt-1\">\n                                    <\/div>\n            \n                            <div class=\"cegg-card-button p-0 pt-3 d-grid col-sm-12 col-md-8\">\n\n                    <a rel=\"sponsored noopener\" onclick=\"gtag(&#039;event&#039;,&#039;cegg_affiliate_click&#039;,{&#039;cegg_product_title&#039;:&#039;Sobretudo com Bolsos Marrom&#039;,&#039;cegg_module&#039;:&#039;Awin&#039;,&#039;cegg_merchant&#039;:&#039;Posthaus BR&#039;,&#039;cegg_unique_id&#039;:&#039;35762981046&#039;,&#039;cegg_post_id&#039;:2722});\" target=\"_blank\" href=\"https:\/\/www.awin1.com\/pclick.php?p=35762981046&amp;a=1283115&amp;m=17634\" data-cegg-click=\"1\" data-cegg-link-id=\"252\" class=\"btn btn-success cegg-click\">SAIBA MAIS<\/a>                <\/div>\n                <div class=\"clearfix\"><\/div>\n\n            \n                            <div class=\"cegg-merchant fs-6 text-body-secondary pt-2\">\n\n                                            <span class=\"text-truncate\">Posthaus.com.br<\/span>\n                    \n                    \n                <\/div>\n                        \n        <\/div>\n    <\/div>\n<\/div>    \n  <\/div>\n  <div class=\"container px-0 mb-5 mt-1\" >\n        \n<div class=\"cegg-item-card cegg-card  border\">\n\n    \n        \n    <div class=\"row p-3\">\n        <div class=\"cegg-item-card-img-col  col-md-6 position-relative\" style=\"max-width: 400px;\">\n\n                            <div class=\"position-relative\">\n\n                    \n                    <a rel=\"sponsored noopener\" onclick=\"gtag(&#039;event&#039;,&#039;cegg_affiliate_click&#039;,{&#039;cegg_product_title&#039;:&#039;Casaco com Bolsos Soft Vermelho&#039;,&#039;cegg_module&#039;:&#039;Awin&#039;,&#039;cegg_merchant&#039;:&#039;Posthaus BR&#039;,&#039;cegg_unique_id&#039;:&#039;34496880259&#039;,&#039;cegg_post_id&#039;:2722});\" target=\"_blank\" href=\"https:\/\/www.awin1.com\/pclick.php?p=34496880259&amp;a=1283115&amp;m=17634\" data-cegg-click=\"1\" data-cegg-link-id=\"253\" class=\"cegg-click\">                    <div class=\"ratio ratio-1x1 \">\n                        <img class=\"object-fit-scale rounded\" src=\"\/\/madameshop.com.br\/loja\/wp-content\/uploads\/2025\/02\/casacocombolsossoftvermelho-1.jpg\" decoding=\"async\" loading=\"lazy\" alt=\"Casaco com Bolsos Soft Vermelho\" title=\"\">                    <\/div>\n                    <\/a>\n                <\/div>\n            \n        <\/div>\n\n        <div class=\"col ps-xl-3\">\n\n                            <h3 class=\"card-title h4 fw-normal  cegg-text-truncate-2 pt-2 pt-md-3\">Casaco com Bolsos Soft Vermelho<\/h3>                        \n                            <div class=\"pt-0 fs-4\">\n                    <div class=\"cegg-rating-stars\" style=\"--rating: 4\"><span class=\"cegg-rating-value ps-2 text-body-secondary\">4.0<\/span><\/div>                <\/div>\n            \n                            <div class=\"cegg-card-price lh-1 mt-3 mb-2 hstack gap-4\">\n\n                    <div>\n                        <span class=\"cegg-price fs-4\">\n                            R$ 142,99                        <\/span>\n                                            <\/div>\n\n                    \n                <\/div>\n\n                                    <div class=\"cegg-stock-status small\">\n                        <span class=\"text-body-secondary\"><span class=\"text-success\"><span class=\"me-2\"><svg xmlns=\"http:\/\/www.w3.org\/2000\/svg\" width=\"16\" height=\"16\" fill=\"currentColor\" class=\"bi bi-check2\" viewBox=\"0 0 16 16\"><path d=\"M13.854 3.646a.5.5 0 0 1 0 .708l-7 7a.5.5 0 0 1-.708 0l-3.5-3.5a.5.5 0 1 1 .708-.708L6.5 10.293l6.646-6.647a.5.5 0 0 1 .708 0\"\/><\/svg><\/span><\/span><\/span>                    <\/div>\n                            \n            \n                            <div class=\"cegg-card-cashback text-success small pt-1\">\n                                    <\/div>\n            \n                            <div class=\"cegg-card-button p-0 pt-3 d-grid col-sm-12 col-md-8\">\n\n                    <a rel=\"sponsored noopener\" onclick=\"gtag(&#039;event&#039;,&#039;cegg_affiliate_click&#039;,{&#039;cegg_product_title&#039;:&#039;Casaco com Bolsos Soft Vermelho&#039;,&#039;cegg_module&#039;:&#039;Awin&#039;,&#039;cegg_merchant&#039;:&#039;Posthaus BR&#039;,&#039;cegg_unique_id&#039;:&#039;34496880259&#039;,&#039;cegg_post_id&#039;:2722});\" target=\"_blank\" href=\"https:\/\/www.awin1.com\/pclick.php?p=34496880259&amp;a=1283115&amp;m=17634\" data-cegg-click=\"1\" data-cegg-link-id=\"253\" class=\"btn btn-success cegg-click\">SAIBA MAIS<\/a>                <\/div>\n                <div class=\"clearfix\"><\/div>\n\n            \n                            <div class=\"cegg-merchant fs-6 text-body-secondary pt-2\">\n\n                                            <span class=\"text-truncate\">Posthaus.com.br<\/span>\n                    \n                    \n                <\/div>\n                        \n        <\/div>\n    <\/div>\n<\/div>    \n  <\/div>\n  <div class=\"container px-0 mb-5 mt-1\" >\n        \n<div class=\"cegg-item-card cegg-card  border\">\n\n    \n        \n    <div class=\"row p-3\">\n        <div class=\"cegg-item-card-img-col  col-md-6 position-relative\" style=\"max-width: 400px;\">\n\n                            <div class=\"position-relative\">\n\n                    \n                    <a rel=\"sponsored noopener\" onclick=\"gtag(&#039;event&#039;,&#039;cegg_affiliate_click&#039;,{&#039;cegg_product_title&#039;:&#039;Sobretudo com Bolsos Soft Preto&#039;,&#039;cegg_module&#039;:&#039;Awin&#039;,&#039;cegg_merchant&#039;:&#039;Posthaus BR&#039;,&#039;cegg_unique_id&#039;:&#039;34496731981&#039;,&#039;cegg_post_id&#039;:2722});\" target=\"_blank\" href=\"https:\/\/www.awin1.com\/pclick.php?p=34496731981&amp;a=1283115&amp;m=17634\" data-cegg-click=\"1\" data-cegg-link-id=\"254\" class=\"cegg-click\">                    <div class=\"ratio ratio-1x1 \">\n                        <img class=\"object-fit-scale rounded\" src=\"\/\/madameshop.com.br\/loja\/wp-content\/uploads\/2025\/02\/sobretudocombolsossoftpreto-1.jpg\" decoding=\"async\" loading=\"lazy\" alt=\"Sobretudo com Bolsos Soft Preto\" title=\"\">                    <\/div>\n                    <\/a>\n                <\/div>\n            \n        <\/div>\n\n        <div class=\"col ps-xl-3\">\n\n                            <h3 class=\"card-title h4 fw-normal  cegg-text-truncate-2 pt-2 pt-md-3\">Sobretudo com Bolsos Soft Preto<\/h3>                        \n                            <div class=\"pt-0 fs-4\">\n                    <div class=\"cegg-rating-stars\" style=\"--rating: 3\"><span class=\"cegg-rating-value ps-2 text-body-secondary\">3.0<\/span><\/div>                <\/div>\n            \n                            <div class=\"cegg-card-price lh-1 mt-3 mb-2 hstack gap-4\">\n\n                    <div>\n                        <span class=\"cegg-price fs-4\">\n                            R$ 154,99                        <\/span>\n                                            <\/div>\n\n                    \n                <\/div>\n\n                                    <div class=\"cegg-stock-status small\">\n                        <span class=\"text-body-secondary\"><span class=\"text-success\"><span class=\"me-2\"><svg xmlns=\"http:\/\/www.w3.org\/2000\/svg\" width=\"16\" height=\"16\" fill=\"currentColor\" class=\"bi bi-check2\" viewBox=\"0 0 16 16\"><path d=\"M13.854 3.646a.5.5 0 0 1 0 .708l-7 7a.5.5 0 0 1-.708 0l-3.5-3.5a.5.5 0 1 1 .708-.708L6.5 10.293l6.646-6.647a.5.5 0 0 1 .708 0\"\/><\/svg><\/span><\/span><\/span>                    <\/div>\n                            \n            \n                            <div class=\"cegg-card-cashback text-success small pt-1\">\n                                    <\/div>\n            \n                            <div class=\"cegg-card-button p-0 pt-3 d-grid col-sm-12 col-md-8\">\n\n                    <a rel=\"sponsored noopener\" onclick=\"gtag(&#039;event&#039;,&#039;cegg_affiliate_click&#039;,{&#039;cegg_product_title&#039;:&#039;Sobretudo com Bolsos Soft Preto&#039;,&#039;cegg_module&#039;:&#039;Awin&#039;,&#039;cegg_merchant&#039;:&#039;Posthaus BR&#039;,&#039;cegg_unique_id&#039;:&#039;34496731981&#039;,&#039;cegg_post_id&#039;:2722});\" target=\"_blank\" href=\"https:\/\/www.awin1.com\/pclick.php?p=34496731981&amp;a=1283115&amp;m=17634\" data-cegg-click=\"1\" data-cegg-link-id=\"254\" class=\"btn btn-success cegg-click\">SAIBA MAIS<\/a>                <\/div>\n                <div class=\"clearfix\"><\/div>\n\n            \n                            <div class=\"cegg-merchant fs-6 text-body-secondary pt-2\">\n\n                                            <span class=\"text-truncate\">Posthaus.com.br<\/span>\n                    \n                    \n                <\/div>\n                        \n        <\/div>\n    <\/div>\n<\/div>    \n  <\/div>\n  <div class=\"container px-0 mb-5 mt-1\" >\n        \n<div class=\"cegg-item-card cegg-card  border\">\n\n    \n        \n    <div class=\"row p-3\">\n        <div class=\"cegg-item-card-img-col  col-md-6 position-relative\" style=\"max-width: 400px;\">\n\n                            <div class=\"position-relative\">\n\n                    \n                    <a rel=\"sponsored noopener\" onclick=\"gtag(&#039;event&#039;,&#039;cegg_affiliate_click&#039;,{&#039;cegg_product_title&#039;:&#039;Sobretudo com Bolsos Cinza&#039;,&#039;cegg_module&#039;:&#039;Awin&#039;,&#039;cegg_merchant&#039;:&#039;Posthaus BR&#039;,&#039;cegg_unique_id&#039;:&#039;34496879079&#039;,&#039;cegg_post_id&#039;:2722});\" target=\"_blank\" href=\"https:\/\/www.awin1.com\/pclick.php?p=34496879079&amp;a=1283115&amp;m=17634\" data-cegg-click=\"1\" data-cegg-link-id=\"255\" class=\"cegg-click\">                    <div class=\"ratio ratio-1x1 \">\n                        <img class=\"object-fit-scale rounded\" src=\"\/\/madameshop.com.br\/loja\/wp-content\/uploads\/2025\/02\/sobretudocombolsoscinza-1.jpg\" decoding=\"async\" loading=\"lazy\" alt=\"Sobretudo com Bolsos Cinza\" title=\"\">                    <\/div>\n                    <\/a>\n                <\/div>\n            \n        <\/div>\n\n        <div class=\"col ps-xl-3\">\n\n                            <h3 class=\"card-title h4 fw-normal  cegg-text-truncate-2 pt-2 pt-md-3\">Sobretudo com Bolsos Cinza<\/h3>                        \n                            <div class=\"pt-0 fs-4\">\n                    <div class=\"cegg-rating-stars\" style=\"--rating: 4\"><span class=\"cegg-rating-value ps-2 text-body-secondary\">4.0<\/span><\/div>                <\/div>\n            \n                            <div class=\"cegg-card-price lh-1 mt-3 mb-2 hstack gap-4\">\n\n                    <div>\n                        <span class=\"cegg-price fs-4\">\n                            R$ 146,99                        <\/span>\n                                            <\/div>\n\n                    \n                <\/div>\n\n                                    <div class=\"cegg-stock-status small\">\n                        <span class=\"text-body-secondary\"><span class=\"text-success\"><span class=\"me-2\"><svg xmlns=\"http:\/\/www.w3.org\/2000\/svg\" width=\"16\" height=\"16\" fill=\"currentColor\" class=\"bi bi-check2\" viewBox=\"0 0 16 16\"><path d=\"M13.854 3.646a.5.5 0 0 1 0 .708l-7 7a.5.5 0 0 1-.708 0l-3.5-3.5a.5.5 0 1 1 .708-.708L6.5 10.293l6.646-6.647a.5.5 0 0 1 .708 0\"\/><\/svg><\/span><\/span><\/span>                    <\/div>\n                            \n            \n                            <div class=\"cegg-card-cashback text-success small pt-1\">\n                                    <\/div>\n            \n                            <div class=\"cegg-card-button p-0 pt-3 d-grid col-sm-12 col-md-8\">\n\n                    <a rel=\"sponsored noopener\" onclick=\"gtag(&#039;event&#039;,&#039;cegg_affiliate_click&#039;,{&#039;cegg_product_title&#039;:&#039;Sobretudo com Bolsos Cinza&#039;,&#039;cegg_module&#039;:&#039;Awin&#039;,&#039;cegg_merchant&#039;:&#039;Posthaus BR&#039;,&#039;cegg_unique_id&#039;:&#039;34496879079&#039;,&#039;cegg_post_id&#039;:2722});\" target=\"_blank\" href=\"https:\/\/www.awin1.com\/pclick.php?p=34496879079&amp;a=1283115&amp;m=17634\" data-cegg-click=\"1\" data-cegg-link-id=\"255\" class=\"btn btn-success cegg-click\">SAIBA MAIS<\/a>                <\/div>\n                <div class=\"clearfix\"><\/div>\n\n            \n                            <div class=\"cegg-merchant fs-6 text-body-secondary pt-2\">\n\n                                            <span class=\"text-truncate\">Posthaus.com.br<\/span>\n                    \n                    \n                <\/div>\n                        \n        <\/div>\n    <\/div>\n<\/div>    \n  <\/div><\/div>\n<p>Com um design sofisticado e moderno, este sobretudo \u00e9 feito de malha soft, proporcionando um toque macio e aconchegante.<\/p>\n<p>Com gola, mangas longas e fenda nas costas, este sobretudo apresenta recortes anat\u00f4micos que <strong>se ajustam perfeitamente ao corpo feminino<\/strong>, real\u00e7ando as suas curvas de maneira elegante.<\/p>\n<p>Al\u00e9m disso, os bolsos embutidos s\u00e3o uma \u00f3tima op\u00e7\u00e3o para guardar pequenos itens de forma discreta e pr\u00e1tica.<\/p>\n<p>O fechamento em bot\u00f5es adiciona um toque<strong> cl\u00e1ssico e elegante<\/strong> ao sobretudo, tornando-o perfeito para ocasi\u00f5es mais formais ou para o trabalho.<\/p>\n<p>E o comprimento curto \u00e9 uma excelente escolha para quem quer um look moderno e despojado.<\/p>\n<p><strong>N\u00e3o perca mais tempo<\/strong> procurando o sobretudo perfeito!<\/p>\n<p><strong>Adquira agora<\/strong> o Sobretudo Feminino Cinza com Bolsos em malha soft e tenha um item vers\u00e1til e elegante em seu guarda-roupa. Com certeza, voc\u00ea n\u00e3o ir\u00e1 se arrepender!<\/p>\n","protected":false},"excerpt":{"rendered":"<p>Ei, voc\u00ea sabia que um <strong>Sobretudo Feminino Cinza <\/strong>com Bolsos pode ser a pe\u00e7a-chave que est\u00e1 faltando em seu guarda-roupa? Imagine-se vestindo esse sobretudo em malha soft, <strong>super macio e confort\u00e1vel<\/strong> ao toque.<\/p>\n<p>Com gola, mangas longas, bolsos embutidos, recortes anat\u00f4micos e fenda nas costas, esse sobretudo \u00e9 perfeito para quem procura eleg\u00e2ncia e praticidade em um s\u00f3 item.<\/p>\n<p>Com um comprimento curto, esse sobretudo \u00e9 ideal para mulheres que querem estar <strong>elegantes e despojadas<\/strong> ao mesmo tempo.<\/p>\n<p>Os bot\u00f5es em sua frente d\u00e3o um toque cl\u00e1ssico e refinado ao look. Al\u00e9m disso, ele \u00e9 perfeito para qualquer ocasi\u00e3o, seja para trabalhar ou para eventos sociais.<\/p>\n<p>Ent\u00e3o, se voc\u00ea quer um sobretudo que seja aconchegante, pr\u00e1tico e elegante, o Sobretudo Feminino Cinza com Bolsos \u00e9 a escolha certa.<\/p>\n<p><strong>Adquira agora<\/strong> o seu e tenha um item vers\u00e1til e cheio de estilo em seu guarda-roupa.<\/p>\n","protected":false},"featured_media":2731,"comment_status":"closed","ping_status":"closed","template":"","meta":[],"product_brand":[],"product_cat":[466,652],"product_tag":[],"class_list":{"0":"post-2722","1":"product","2":"type-product","3":"status-publish","4":"has-post-thumbnail","6":"product_cat-casacos-e-jaquetas","7":"product_cat-sobretudo-feminino","9":"first","10":"instock","11":"sale","12":"shipping-taxable","13":"product-type-external"},"_links":{"self":[{"href":"https:\/\/madameshop.com.br\/loja\/wp-json\/wp\/v2\/product\/2722","targetHints":{"allow":["GET"]}}],"collection":[{"href":"https:\/\/madameshop.com.br\/loja\/wp-json\/wp\/v2\/product"}],"about":[{"href":"https:\/\/madameshop.com.br\/loja\/wp-json\/wp\/v2\/types\/product"}],"replies":[{"embeddable":true,"href":"https:\/\/madameshop.com.br\/loja\/wp-json\/wp\/v2\/comments?post=2722"}],"version-history":[{"count":3,"href":"https:\/\/madameshop.com.br\/loja\/wp-json\/wp\/v2\/product\/2722\/revisions"}],"predecessor-version":[{"id":37443,"href":"https:\/\/madameshop.com.br\/loja\/wp-json\/wp\/v2\/product\/2722\/revisions\/37443"}],"wp:featuredmedia":[{"embeddable":true,"href":"https:\/\/madameshop.com.br\/loja\/wp-json\/wp\/v2\/media\/2731"}],"wp:attachment":[{"href":"https:\/\/madameshop.com.br\/loja\/wp-json\/wp\/v2\/media?parent=2722"}],"wp:term":[{"taxonomy":"product_brand","embeddable":true,"href":"https:\/\/madameshop.com.br\/loja\/wp-json\/wp\/v2\/product_brand?post=2722"},{"taxonomy":"product_cat","embeddable":true,"href":"https:\/\/madameshop.com.br\/loja\/wp-json\/wp\/v2\/product_cat?post=2722"},{"taxonomy":"product_tag","embeddable":true,"href":"https:\/\/madameshop.com.br\/loja\/wp-json\/wp\/v2\/product_tag?post=2722"}],"curies":[{"name":"wp","href":"https:\/\/api.w.org\/{rel}","templated":true}]}}