{"id":34755,"date":"2023-09-22T21:42:14","date_gmt":"2023-09-23T00:42:14","guid":{"rendered":"https:\/\/madameshop.com.br\/loja\/?post_type=product&#038;p=34755"},"modified":"2025-03-14T13:19:29","modified_gmt":"2025-03-14T16:19:29","slug":"macacao-jeans-feminino","status":"publish","type":"product","link":"https:\/\/madameshop.com.br\/loja\/macacao-jeans-feminino\/","title":{"rendered":"Macac\u00e3o Jeans Feminino"},"content":{"rendered":"<h2><strong>Macac\u00e3o Jeans Feminino: O Estilo que Voc\u00ea Merece<\/strong><\/h2>\n<p>Voc\u00ea j\u00e1 desejou um visual que fosse ao mesmo tempo casual e elegante? O <strong>macac\u00e3o jeans feminino<\/strong> \u00e9 a resposta para todas as suas preces de moda.<\/p>\n<div class=\"cegg5-container cegg-data_item\"><div class=\"container px-0 mb-5 mt-1\" >\n\n                        \n<div class=\"cegg-item-card cegg-card  border\">\n\n    \n        \n    <div class=\"row p-3\">\n        <div class=\"cegg-item-card-img-col  col-md-6 position-relative\" style=\"max-width: 400px;\">\n\n                            <div class=\"position-relative\">\n\n                    \n                    <a rel=\"sponsored noopener\" onclick=\"gtag(&#039;event&#039;,&#039;cegg_affiliate_click&#039;,{&#039;cegg_product_title&#039;:&#039;Macac\u00e3o Jeans Feminino Plus Size&#039;,&#039;cegg_module&#039;:&#039;Awin&#039;,&#039;cegg_merchant&#039;:&#039;Posthaus BR&#039;,&#039;cegg_unique_id&#039;:&#039;39261814210&#039;,&#039;cegg_post_id&#039;:37619});\" target=\"_blank\" href=\"https:\/\/www.awin1.com\/pclick.php?p=39261814210&amp;a=1283115&amp;m=17634\" data-cegg-click=\"1\" data-cegg-link-id=\"326\" class=\"cegg-click\">                    <div class=\"ratio ratio-1x1 \">\n                        <img class=\"object-fit-scale rounded\" src=\"\/\/madameshop.com.br\/loja\/wp-content\/uploads\/2025\/03\/macacojeansfemininoplussizerazonjeans-3.jpg\" decoding=\"async\" loading=\"lazy\" alt=\"Macac\u00e3o Jeans Feminino Plus Size\" title=\"\">                    <\/div>\n                    <\/a>\n                <\/div>\n            \n        <\/div>\n\n        <div class=\"col ps-xl-3\">\n\n                            <h3 class=\"card-title h4 fw-normal  cegg-text-truncate-2 pt-2 pt-md-3\">Macac\u00e3o Jeans Feminino Plus Size<\/h3>                        \n                            <div class=\"pt-0 fs-4\">\n                    <div class=\"cegg-rating-stars\" style=\"--rating: 5\"><span class=\"cegg-rating-value ps-2 text-body-secondary\">5.0<\/span><\/div>                <\/div>\n            \n                            <div class=\"cegg-card-price lh-1 mt-3 mb-2 hstack gap-4\">\n\n                    <div>\n                        <span class=\"cegg-price fs-4 text-body-tertiary\">\n                                                    <\/span>\n                                            <\/div>\n\n                    \n                <\/div>\n\n                                    <div class=\"cegg-stock-status small\">\n                        <span class=\"text-body-secondary\"><span class=\"text-danger\"><\/span><\/span>                    <\/div>\n                            \n            \n                            <div class=\"cegg-card-cashback text-success small pt-1\">\n                                    <\/div>\n            \n                            <div class=\"cegg-card-button p-0 pt-3 d-grid col-sm-12 col-md-8\">\n\n                    <a rel=\"sponsored noopener\" onclick=\"gtag(&#039;event&#039;,&#039;cegg_affiliate_click&#039;,{&#039;cegg_product_title&#039;:&#039;Macac\u00e3o Jeans Feminino Plus Size&#039;,&#039;cegg_module&#039;:&#039;Awin&#039;,&#039;cegg_merchant&#039;:&#039;Posthaus BR&#039;,&#039;cegg_unique_id&#039;:&#039;39261814210&#039;,&#039;cegg_post_id&#039;:37619});\" target=\"_blank\" href=\"https:\/\/www.awin1.com\/pclick.php?p=39261814210&amp;a=1283115&amp;m=17634\" data-cegg-click=\"1\" data-cegg-link-id=\"326\" class=\"btn btn-success cegg-click\">SAIBA MAIS<\/a>                <\/div>\n                <div class=\"clearfix\"><\/div>\n\n            \n                            <div class=\"cegg-merchant fs-6 text-body-secondary pt-2\">\n\n                                            <span class=\"text-truncate\">Posthaus.com.br<\/span>\n                    \n                    \n                <\/div>\n                        \n        <\/div>\n    <\/div>\n<\/div>                \n\n        <div class=\"row\">\n            <div class=\"col\">\n\n                                \n<div class=\"mb-4\"><\/div>\n\n                \n                                \n\n\n            <\/div>\n        <\/div>\n    <\/div>\n    <div class=\"container px-0 mb-5 mt-1\" >\n\n                        \n<div class=\"cegg-item-card cegg-card  border\">\n\n    \n        \n    <div class=\"row p-3\">\n        <div class=\"cegg-item-card-img-col  col-md-6 position-relative\" style=\"max-width: 400px;\">\n\n                            <div class=\"position-relative\">\n\n                    \n                    <a rel=\"sponsored noopener\" onclick=\"gtag(&#039;event&#039;,&#039;cegg_affiliate_click&#039;,{&#039;cegg_product_title&#039;:&#039;Macac\u00e3o Jeans Claro&#039;,&#039;cegg_module&#039;:&#039;Awin&#039;,&#039;cegg_merchant&#039;:&#039;Posthaus BR&#039;,&#039;cegg_unique_id&#039;:&#039;40639147256&#039;,&#039;cegg_post_id&#039;:37619});\" target=\"_blank\" href=\"https:\/\/www.awin1.com\/pclick.php?p=40639147256&amp;a=1283115&amp;m=17634\" data-cegg-click=\"1\" data-cegg-link-id=\"327\" class=\"cegg-click\">                    <div class=\"ratio ratio-1x1 \">\n                        <img class=\"object-fit-scale rounded\" src=\"\/\/madameshop.com.br\/loja\/wp-content\/uploads\/2025\/03\/macacojeansclaroemdenimleve-3.jpg\" decoding=\"async\" loading=\"lazy\" alt=\"Macac\u00e3o Jeans Claro\" title=\"\">                    <\/div>\n                    <\/a>\n                <\/div>\n            \n        <\/div>\n\n        <div class=\"col ps-xl-3\">\n\n                            <h3 class=\"card-title h4 fw-normal  cegg-text-truncate-2 pt-2 pt-md-3\">Macac\u00e3o Jeans Claro<\/h3>                        \n                            <div class=\"pt-0 fs-4\">\n                    <div class=\"cegg-rating-stars\" style=\"--rating: 4\"><span class=\"cegg-rating-value ps-2 text-body-secondary\">4.0<\/span><\/div>                <\/div>\n            \n                            <div class=\"cegg-card-price lh-1 mt-3 mb-2 hstack gap-4\">\n\n                    <div>\n                        <span class=\"cegg-price fs-4 text-body-tertiary\">\n                                                    <\/span>\n                                            <\/div>\n\n                    \n                <\/div>\n\n                                    <div class=\"cegg-stock-status small\">\n                        <span class=\"text-body-secondary\"><span class=\"text-danger\"><\/span><\/span>                    <\/div>\n                            \n            \n                            <div class=\"cegg-card-cashback text-success small pt-1\">\n                                    <\/div>\n            \n                            <div class=\"cegg-card-button p-0 pt-3 d-grid col-sm-12 col-md-8\">\n\n                    <a rel=\"sponsored noopener\" onclick=\"gtag(&#039;event&#039;,&#039;cegg_affiliate_click&#039;,{&#039;cegg_product_title&#039;:&#039;Macac\u00e3o Jeans Claro&#039;,&#039;cegg_module&#039;:&#039;Awin&#039;,&#039;cegg_merchant&#039;:&#039;Posthaus BR&#039;,&#039;cegg_unique_id&#039;:&#039;40639147256&#039;,&#039;cegg_post_id&#039;:37619});\" target=\"_blank\" href=\"https:\/\/www.awin1.com\/pclick.php?p=40639147256&amp;a=1283115&amp;m=17634\" data-cegg-click=\"1\" data-cegg-link-id=\"327\" class=\"btn btn-success cegg-click\">SAIBA MAIS<\/a>                <\/div>\n                <div class=\"clearfix\"><\/div>\n\n            \n                            <div class=\"cegg-merchant fs-6 text-body-secondary pt-2\">\n\n                                            <span class=\"text-truncate\">Posthaus.com.br<\/span>\n                    \n                    \n                <\/div>\n                        \n        <\/div>\n    <\/div>\n<\/div>                \n\n        <div class=\"row\">\n            <div class=\"col\">\n\n                                \n<div class=\"mb-4\"><\/div>\n\n                                    <div class=\"egg-description text-body my-4\"><h2>&nbsp;<\/h2><\/div>\n                \n                                \n\n\n            <\/div>\n        <\/div>\n    <\/div>\n    <div class=\"container px-0 mb-5 mt-1\" >\n\n                        \n<div class=\"cegg-item-card cegg-card  border\">\n\n    \n        \n    <div class=\"row p-3\">\n        <div class=\"cegg-item-card-img-col  col-md-6 position-relative\" style=\"max-width: 400px;\">\n\n                            <div class=\"position-relative\">\n\n                    \n                    <a rel=\"sponsored noopener\" onclick=\"gtag(&#039;event&#039;,&#039;cegg_affiliate_click&#039;,{&#039;cegg_product_title&#039;:&#039;Macac\u00e3o Jeans Comprimento M\u00e9dio&#039;,&#039;cegg_module&#039;:&#039;Awin&#039;,&#039;cegg_merchant&#039;:&#039;Posthaus BR&#039;,&#039;cegg_unique_id&#039;:&#039;39784195080&#039;,&#039;cegg_post_id&#039;:37619});\" target=\"_blank\" href=\"https:\/\/www.awin1.com\/pclick.php?p=39784195080&amp;a=1283115&amp;m=17634\" data-cegg-click=\"1\" data-cegg-link-id=\"328\" class=\"cegg-click\">                    <div class=\"ratio ratio-1x1 \">\n                        <img class=\"object-fit-scale rounded\" src=\"\/\/madameshop.com.br\/loja\/wp-content\/uploads\/2025\/03\/macacojeansdecomprimentomdio-3.jpg\" decoding=\"async\" loading=\"lazy\" alt=\"Macac\u00e3o Jeans Comprimento M\u00e9dio\" title=\"\">                    <\/div>\n                    <\/a>\n                <\/div>\n            \n        <\/div>\n\n        <div class=\"col ps-xl-3\">\n\n                            <h3 class=\"card-title h4 fw-normal  cegg-text-truncate-2 pt-2 pt-md-3\">Macac\u00e3o Jeans Comprimento M\u00e9dio<\/h3>                        \n            \n                            <div class=\"cegg-card-price lh-1 mt-3 mb-2 hstack gap-4\">\n\n                    <div>\n                        <span class=\"cegg-price fs-4\">\n                            R$ 119,99                        <\/span>\n                                            <\/div>\n\n                    \n                <\/div>\n\n                                    <div class=\"cegg-stock-status small\">\n                        <span class=\"text-body-secondary\"><span class=\"text-success\"><span class=\"me-2\"><svg xmlns=\"http:\/\/www.w3.org\/2000\/svg\" width=\"16\" height=\"16\" fill=\"currentColor\" class=\"bi bi-check2\" viewBox=\"0 0 16 16\"><path d=\"M13.854 3.646a.5.5 0 0 1 0 .708l-7 7a.5.5 0 0 1-.708 0l-3.5-3.5a.5.5 0 1 1 .708-.708L6.5 10.293l6.646-6.647a.5.5 0 0 1 .708 0\"\/><\/svg><\/span><\/span><\/span>                    <\/div>\n                            \n            \n                            <div class=\"cegg-card-cashback text-success small pt-1\">\n                                    <\/div>\n            \n                            <div class=\"cegg-card-button p-0 pt-3 d-grid col-sm-12 col-md-8\">\n\n                    <a rel=\"sponsored noopener\" onclick=\"gtag(&#039;event&#039;,&#039;cegg_affiliate_click&#039;,{&#039;cegg_product_title&#039;:&#039;Macac\u00e3o Jeans Comprimento M\u00e9dio&#039;,&#039;cegg_module&#039;:&#039;Awin&#039;,&#039;cegg_merchant&#039;:&#039;Posthaus BR&#039;,&#039;cegg_unique_id&#039;:&#039;39784195080&#039;,&#039;cegg_post_id&#039;:37619});\" target=\"_blank\" href=\"https:\/\/www.awin1.com\/pclick.php?p=39784195080&amp;a=1283115&amp;m=17634\" data-cegg-click=\"1\" data-cegg-link-id=\"328\" class=\"btn btn-success cegg-click\">SAIBA MAIS<\/a>                <\/div>\n                <div class=\"clearfix\"><\/div>\n\n            \n                            <div class=\"cegg-merchant fs-6 text-body-secondary pt-2\">\n\n                                            <span class=\"text-truncate\">Posthaus.com.br<\/span>\n                    \n                    \n                <\/div>\n                        \n        <\/div>\n    <\/div>\n<\/div>                \n\n        <div class=\"row\">\n            <div class=\"col\">\n\n                                \n<div class=\"mb-4\"><\/div>\n\n                                    <div class=\"egg-description text-body my-4\"><h2>&nbsp;<\/h2><\/div>\n                \n                                \n\n\n            <\/div>\n        <\/div>\n    <\/div>\n    <div class=\"container px-0 mb-5 mt-1\" >\n\n                        \n<div class=\"cegg-item-card cegg-card  border\">\n\n    \n        \n    <div class=\"row p-3\">\n        <div class=\"cegg-item-card-img-col  col-md-6 position-relative\" style=\"max-width: 400px;\">\n\n                            <div class=\"position-relative\">\n\n                    \n                    <a rel=\"sponsored noopener\" onclick=\"gtag(&#039;event&#039;,&#039;cegg_affiliate_click&#039;,{&#039;cegg_product_title&#039;:&#039;Macac\u00e3o Comprido Jeans Feminino&#039;,&#039;cegg_module&#039;:&#039;Awin&#039;,&#039;cegg_merchant&#039;:&#039;Posthaus BR&#039;,&#039;cegg_unique_id&#039;:&#039;40346174769&#039;,&#039;cegg_post_id&#039;:37619});\" target=\"_blank\" href=\"https:\/\/www.awin1.com\/pclick.php?p=40346174769&amp;a=1283115&amp;m=17634\" data-cegg-click=\"1\" data-cegg-link-id=\"329\" class=\"cegg-click\">                    <div class=\"ratio ratio-1x1 \">\n                        <img class=\"object-fit-scale rounded\" src=\"\/\/madameshop.com.br\/loja\/wp-content\/uploads\/2025\/03\/macacocompridojeansfemininolavagemclara-1.jpg\" decoding=\"async\" loading=\"lazy\" alt=\"Macac\u00e3o Comprido Jeans Feminino\" title=\"\">                    <\/div>\n                    <\/a>\n                <\/div>\n            \n        <\/div>\n\n        <div class=\"col ps-xl-3\">\n\n                            <h3 class=\"card-title h4 fw-normal  cegg-text-truncate-2 pt-2 pt-md-3\">Macac\u00e3o Comprido Jeans Feminino<\/h3>                        \n            \n                            <div class=\"cegg-card-price lh-1 mt-3 mb-2 hstack gap-4\">\n\n                    <div>\n                        <span class=\"cegg-price fs-4\">\n                            R$ 188,99                        <\/span>\n                                                    <del class=\"cegg-old-price text-body-tertiary fs-5 fw-normal\">R$ 299,99<\/del>\n                                            <\/div>\n\n                    \n                <\/div>\n\n                                    <div class=\"cegg-stock-status small\">\n                        <span class=\"text-body-secondary\"><span class=\"text-success\"><span class=\"me-2\"><svg xmlns=\"http:\/\/www.w3.org\/2000\/svg\" width=\"16\" height=\"16\" fill=\"currentColor\" class=\"bi bi-check2\" viewBox=\"0 0 16 16\"><path d=\"M13.854 3.646a.5.5 0 0 1 0 .708l-7 7a.5.5 0 0 1-.708 0l-3.5-3.5a.5.5 0 1 1 .708-.708L6.5 10.293l6.646-6.647a.5.5 0 0 1 .708 0\"\/><\/svg><\/span><\/span><\/span>                    <\/div>\n                            \n            \n                            <div class=\"cegg-card-cashback text-success small pt-1\">\n                                    <\/div>\n            \n                            <div class=\"cegg-card-button p-0 pt-3 d-grid col-sm-12 col-md-8\">\n\n                    <a rel=\"sponsored noopener\" onclick=\"gtag(&#039;event&#039;,&#039;cegg_affiliate_click&#039;,{&#039;cegg_product_title&#039;:&#039;Macac\u00e3o Comprido Jeans Feminino&#039;,&#039;cegg_module&#039;:&#039;Awin&#039;,&#039;cegg_merchant&#039;:&#039;Posthaus BR&#039;,&#039;cegg_unique_id&#039;:&#039;40346174769&#039;,&#039;cegg_post_id&#039;:37619});\" target=\"_blank\" href=\"https:\/\/www.awin1.com\/pclick.php?p=40346174769&amp;a=1283115&amp;m=17634\" data-cegg-click=\"1\" data-cegg-link-id=\"329\" class=\"btn btn-success cegg-click\">SAIBA MAIS<\/a>                <\/div>\n                <div class=\"clearfix\"><\/div>\n\n            \n                            <div class=\"cegg-merchant fs-6 text-body-secondary pt-2\">\n\n                                            <span class=\"text-truncate\">Posthaus.com.br<\/span>\n                    \n                    \n                <\/div>\n                        \n        <\/div>\n    <\/div>\n<\/div>                \n\n        <div class=\"row\">\n            <div class=\"col\">\n\n                                \n<div class=\"mb-4\"><\/div>\n\n                                    <div class=\"egg-description text-body my-4\"><h2>&nbsp;<\/h2><\/div>\n                \n                                \n\n\n            <\/div>\n        <\/div>\n    <\/div><\/div>\n<p>Ele combina a descontra\u00e7\u00e3o do jeans com detalhes sofisticados para criar um visual deslumbrante que voc\u00ea vai adorar.<\/p>\n<h3><strong>Motiva\u00e7\u00e3o para Arrasar<\/strong><\/h3>\n<p>Nada se compara \u00e0 sensa\u00e7\u00e3o de confian\u00e7a que um look incr\u00edvel pode proporcionar. Quando voc\u00ea se veste bem, sente-se bem, e essa \u00e9 a motiva\u00e7\u00e3o por tr\u00e1s deste<a href=\"https:\/\/madameshop.com.br\/loja\/macacoes\/\"> macac\u00e3o<\/a> jeans feminino.<\/p>\n<p>Ele foi projetado para a mulher moderna que deseja expressar seu estilo \u00fanico e se sentir maravilhosa enquanto o faz.<\/p>\n<h3><strong>Detalhes que Fazem a Diferen\u00e7a<\/strong><\/h3>\n<p>Este macac\u00e3o jeans n\u00e3o \u00e9 apenas mais uma pe\u00e7a de roupa; \u00e9 uma afirma\u00e7\u00e3o de moda. Com decotes quadrados que adicionam um toque de ousadia, recortes estrategicamente posicionados e mangas bufantes com pregas que est\u00e3o super em alta, este macac\u00e3o \u00e9 feito para impressionar.<\/p>\n<p>Uma faixa acompanha o <a href=\"https:\/\/madameshop.com.br\/macacoes\/\">macac\u00e3o<\/a>, permitindo que voc\u00ea marque a cintura e defina sua silhueta, criando um visual ainda mais lisonjeiro.<\/p>\n\n<p>E o comprimento pantacourt \u00e9 perfeito para mostrar um pouco de pele e exibir seu cal\u00e7ado favorito.<\/p>\n<h2><strong>Conclus\u00e3o<\/strong><\/h2>\n<p>Se voc\u00ea est\u00e1 pronta para elevar seu estilo a um novo patamar, n\u00e3o procure mais. Este macac\u00e3o jeans feminino \u00e9 a escolha certa. Com detalhes cuidadosamente elaborados, ele combina conforto com moda de maneira \u00fanica.<\/p>\n<p><em><strong>Adquira agora mesmo e experimente a incr\u00edvel sensa\u00e7\u00e3o de se destacar com estilo e eleg\u00e2ncia em qualquer lugar que v\u00e1.<\/strong><\/em><\/p>\n","protected":false},"excerpt":{"rendered":"<p>Descubra o<strong> macac\u00e3o jeans feminino<\/strong>, a fus\u00e3o perfeita entre estilo e conforto. Com um design moderno, esse macac\u00e3o em jeans de algod\u00e3o oferece o equil\u00edbrio ideal entre moda e praticidade.<\/p>\n<p>Seu decote quadrado e mangas bufantes com pregas adicionam um toque de eleg\u00e2ncia, tornando-o adequado para v\u00e1rias ocasi\u00f5es.<\/p>\n<p>Sinta-se confiante e deslumbrante em um macac\u00e3o que se destaca na multid\u00e3o. Acompanhado de uma faixa que acentua a cintura, este macac\u00e3o proporciona um caimento perfeito. Seja para um encontro casual ou uma festa especial, este macac\u00e3o jeans \u00e9 a escolha ideal.<\/p>\n<p>Aproveite a moda vers\u00e1til e atemporal e <strong>compre o seu hoje mesmo<\/strong>! Vista-se com estilo e personalidade com nosso macac\u00e3o jeans feminino.<\/p>\n","protected":false},"featured_media":34762,"comment_status":"closed","ping_status":"closed","template":"","meta":[],"product_brand":[],"product_cat":[821,799,726,727],"product_tag":[],"class_list":{"0":"post-34755","1":"product","2":"type-product","3":"status-publish","4":"has-post-thumbnail","6":"product_cat-lancamentos","7":"product_cat-macacoes-plus-size","8":"product_cat-macacoes","9":"product_cat-plus-size","11":"first","12":"instock","13":"sale","14":"shipping-taxable","15":"product-type-external"},"_links":{"self":[{"href":"https:\/\/madameshop.com.br\/loja\/wp-json\/wp\/v2\/product\/34755","targetHints":{"allow":["GET"]}}],"collection":[{"href":"https:\/\/madameshop.com.br\/loja\/wp-json\/wp\/v2\/product"}],"about":[{"href":"https:\/\/madameshop.com.br\/loja\/wp-json\/wp\/v2\/types\/product"}],"replies":[{"embeddable":true,"href":"https:\/\/madameshop.com.br\/loja\/wp-json\/wp\/v2\/comments?post=34755"}],"version-history":[{"count":3,"href":"https:\/\/madameshop.com.br\/loja\/wp-json\/wp\/v2\/product\/34755\/revisions"}],"predecessor-version":[{"id":37628,"href":"https:\/\/madameshop.com.br\/loja\/wp-json\/wp\/v2\/product\/34755\/revisions\/37628"}],"wp:featuredmedia":[{"embeddable":true,"href":"https:\/\/madameshop.com.br\/loja\/wp-json\/wp\/v2\/media\/34762"}],"wp:attachment":[{"href":"https:\/\/madameshop.com.br\/loja\/wp-json\/wp\/v2\/media?parent=34755"}],"wp:term":[{"taxonomy":"product_brand","embeddable":true,"href":"https:\/\/madameshop.com.br\/loja\/wp-json\/wp\/v2\/product_brand?post=34755"},{"taxonomy":"product_cat","embeddable":true,"href":"https:\/\/madameshop.com.br\/loja\/wp-json\/wp\/v2\/product_cat?post=34755"},{"taxonomy":"product_tag","embeddable":true,"href":"https:\/\/madameshop.com.br\/loja\/wp-json\/wp\/v2\/product_tag?post=34755"}],"curies":[{"name":"wp","href":"https:\/\/api.w.org\/{rel}","templated":true}]}}