{"id":37517,"date":"2025-02-28T12:23:04","date_gmt":"2025-02-28T15:23:04","guid":{"rendered":"https:\/\/madameshop.com.br\/loja\/?post_type=product&#038;p=37517"},"modified":"2026-03-28T20:30:11","modified_gmt":"2026-03-28T23:30:11","slug":"blusa-feminina-da-adidas","status":"publish","type":"product","link":"https:\/\/madameshop.com.br\/loja\/blusa-feminina-da-adidas\/","title":{"rendered":"Blusa Feminina da Adidas"},"content":{"rendered":"<p>A Blusa Feminina da Adidas \u00e9 a escolha perfeita para quem busca conforto e estilo em um \u00fanico produto.<\/p>\n<div class=\"cegg5-container cegg-data_item\"><div class=\"container px-0 mb-5 mt-1\" >\n\n                        \n<div class=\"cegg-item-card cegg-card  border\">\n\n    \n        \n    <div class=\"row p-3\">\n        <div class=\"cegg-item-card-img-col  col-md-6 position-relative\" style=\"max-width: 400px;\">\n\n                            <div class=\"position-relative\">\n\n                    \n                    <a rel=\"sponsored noopener\" onclick=\"gtag(&#039;event&#039;,&#039;cegg_affiliate_click&#039;,{&#039;cegg_product_title&#039;:&#039;Camisa Adidas Feminina Run It&#039;,&#039;cegg_module&#039;:&#039;AmazonNoApi&#039;,&#039;cegg_merchant&#039;:&#039;Amazon.com.br&#039;,&#039;cegg_unique_id&#039;:&#039;br-B0C7HMZ47R&#039;,&#039;cegg_post_id&#039;:37517});\" target=\"_blank\" href=\"https:\/\/www.amazon.com.br\/dp\/B0C7HMZ47R\/?tag=lojamadameshop-20\" data-cegg-click=\"1\" data-cegg-link-id=\"240\" class=\"cegg-click\">                    <div class=\"ratio ratio-1x1 \">\n                        <img class=\"object-fit-scale rounded\" src=\"https:\/\/m.media-amazon.com\/images\/I\/51V6lrLpVIL._SS520_.jpg\" decoding=\"async\" loading=\"lazy\" alt=\"Camisa Adidas Feminina Run It\" title=\"\">                    <\/div>\n                    <\/a>\n                <\/div>\n            \n        <\/div>\n\n        <div class=\"col ps-xl-3\">\n\n                            <h3 class=\"card-title h4 fw-normal  cegg-text-truncate-2 pt-2 pt-md-3\">Camisa Adidas Feminina Run It<\/h3>                        \n                            <div class=\"pt-0 fs-4\">\n                    <div class=\"cegg-rating-stars\" style=\"--rating: 5\"><span class=\"cegg-rating-value ps-2 text-body-secondary\">5.0<\/span><\/div>                <\/div>\n            \n            \n            \n                            <div class=\"cegg-card-cashback text-success small pt-1\">\n                                    <\/div>\n            \n                            <div class=\"cegg-card-button p-0 pt-3 d-grid col-sm-12 col-md-8\">\n\n                    <a rel=\"sponsored noopener\" onclick=\"gtag(&#039;event&#039;,&#039;cegg_affiliate_click&#039;,{&#039;cegg_product_title&#039;:&#039;Camisa Adidas Feminina Run It&#039;,&#039;cegg_module&#039;:&#039;AmazonNoApi&#039;,&#039;cegg_merchant&#039;:&#039;Amazon.com.br&#039;,&#039;cegg_unique_id&#039;:&#039;br-B0C7HMZ47R&#039;,&#039;cegg_post_id&#039;:37517});\" target=\"_blank\" href=\"https:\/\/www.amazon.com.br\/dp\/B0C7HMZ47R\/?tag=lojamadameshop-20\" data-cegg-click=\"1\" data-cegg-link-id=\"240\" class=\"btn btn-success cegg-click\">SAIBA MAIS<\/a>                <\/div>\n                <div class=\"clearfix\"><\/div>\n\n            \n                            <div class=\"cegg-merchant fs-6 text-body-secondary pt-2\">\n\n                                            <span class=\"text-truncate\">Amazon.com.br<\/span>\n                    \n                    \n                <\/div>\n                        \n        <\/div>\n    <\/div>\n<\/div>                \n\n        <div class=\"row\">\n            <div class=\"col\">\n\n                                \n<div class=\"mb-4\"><\/div>\n\n                \n                                            <\/div>\n        <\/div>\n    <\/div>\n    <div class=\"container px-0 mb-5 mt-1\" >\n\n                        \n<div class=\"cegg-item-card cegg-card  border\">\n\n    \n        \n    <div class=\"row p-3\">\n        <div class=\"cegg-item-card-img-col  col-md-6 position-relative\" style=\"max-width: 400px;\">\n\n                            <div class=\"position-relative\">\n\n                    \n                    <a rel=\"sponsored noopener\" onclick=\"gtag(&#039;event&#039;,&#039;cegg_affiliate_click&#039;,{&#039;cegg_product_title&#039;:&#039;Blusa Feminina da Adidas&#039;,&#039;cegg_module&#039;:&#039;AmazonNoApi&#039;,&#039;cegg_merchant&#039;:&#039;Amazon.com.br&#039;,&#039;cegg_unique_id&#039;:&#039;br-B0CN36DT4L&#039;,&#039;cegg_post_id&#039;:37517});\" target=\"_blank\" href=\"https:\/\/www.amazon.com.br\/dp\/B0CN36DT4L\/?tag=lojamadameshop-20\" data-cegg-click=\"1\" data-cegg-link-id=\"241\" class=\"cegg-click\">                    <div class=\"ratio ratio-1x1 \">\n                        <img class=\"object-fit-scale rounded\" src=\"https:\/\/m.media-amazon.com\/images\/I\/61NomM7+IlL._SS520_.jpg\" decoding=\"async\" loading=\"lazy\" alt=\"Blusa Feminina da Adidas\" title=\"\">                    <\/div>\n                    <\/a>\n                <\/div>\n            \n        <\/div>\n\n        <div class=\"col ps-xl-3\">\n\n                            <h3 class=\"card-title h4 fw-normal  cegg-text-truncate-2 pt-2 pt-md-3\">Blusa Feminina da Adidas<\/h3>                        \n                            <div class=\"pt-0 fs-4\">\n                    <div class=\"cegg-rating-stars\" style=\"--rating: 4\"><span class=\"cegg-rating-value ps-2 text-body-secondary\">4.0<\/span><\/div>                <\/div>\n            \n            \n            \n                            <div class=\"cegg-card-cashback text-success small pt-1\">\n                                    <\/div>\n            \n                            <div class=\"cegg-card-button p-0 pt-3 d-grid col-sm-12 col-md-8\">\n\n                    <a rel=\"sponsored noopener\" onclick=\"gtag(&#039;event&#039;,&#039;cegg_affiliate_click&#039;,{&#039;cegg_product_title&#039;:&#039;Blusa Feminina da Adidas&#039;,&#039;cegg_module&#039;:&#039;AmazonNoApi&#039;,&#039;cegg_merchant&#039;:&#039;Amazon.com.br&#039;,&#039;cegg_unique_id&#039;:&#039;br-B0CN36DT4L&#039;,&#039;cegg_post_id&#039;:37517});\" target=\"_blank\" href=\"https:\/\/www.amazon.com.br\/dp\/B0CN36DT4L\/?tag=lojamadameshop-20\" data-cegg-click=\"1\" data-cegg-link-id=\"241\" class=\"btn btn-success cegg-click\">SAIBA MAIS<\/a>                <\/div>\n                <div class=\"clearfix\"><\/div>\n\n            \n                            <div class=\"cegg-merchant fs-6 text-body-secondary pt-2\">\n\n                                            <span class=\"text-truncate\">Amazon.com.br<\/span>\n                    \n                    \n                <\/div>\n                        \n        <\/div>\n    <\/div>\n<\/div>                \n\n        <div class=\"row\">\n            <div class=\"col\">\n\n                                \n<div class=\"mb-4\"><\/div>\n\n                                    <div class=\"egg-description text-body my-4\"><h3>&nbsp;<\/h3><\/div>\n                \n                                            <\/div>\n        <\/div>\n    <\/div>\n    <div class=\"container px-0 mb-5 mt-1\" >\n\n                        \n<div class=\"cegg-item-card cegg-card  border\">\n\n    \n        \n    <div class=\"row p-3\">\n        <div class=\"cegg-item-card-img-col  col-md-6 position-relative\" style=\"max-width: 400px;\">\n\n                            <div class=\"position-relative\">\n\n                    \n                    <a rel=\"sponsored noopener\" onclick=\"gtag(&#039;event&#039;,&#039;cegg_affiliate_click&#039;,{&#039;cegg_product_title&#039;:&#039;Camiseta para Academia Treino Funcional&#039;,&#039;cegg_module&#039;:&#039;AmazonNoApi&#039;,&#039;cegg_merchant&#039;:&#039;Amazon.com.br&#039;,&#039;cegg_unique_id&#039;:&#039;br-B0BGLZVSNZ&#039;,&#039;cegg_post_id&#039;:37517});\" target=\"_blank\" href=\"https:\/\/www.amazon.com.br\/dp\/B0BGLZVSNZ\/?tag=lojamadameshop-20\" data-cegg-click=\"1\" data-cegg-link-id=\"242\" class=\"cegg-click\">                    <div class=\"ratio ratio-1x1 \">\n                        <img class=\"object-fit-scale rounded\" src=\"https:\/\/m.media-amazon.com\/images\/I\/41kn8Ns287L._SS520_.jpg\" decoding=\"async\" loading=\"lazy\" alt=\"Camiseta para Academia Treino Funcional\" title=\"\">                    <\/div>\n                    <\/a>\n                <\/div>\n            \n        <\/div>\n\n        <div class=\"col ps-xl-3\">\n\n                            <h3 class=\"card-title h4 fw-normal  cegg-text-truncate-2 pt-2 pt-md-3\">Camiseta para Academia Treino Funcional<\/h3>                        \n                            <div class=\"pt-0 fs-4\">\n                    <div class=\"cegg-rating-stars\" style=\"--rating: 4\"><span class=\"cegg-rating-value ps-2 text-body-secondary\">4.0<\/span><\/div>                <\/div>\n            \n            \n            \n                            <div class=\"cegg-card-cashback text-success small pt-1\">\n                                    <\/div>\n            \n                            <div class=\"cegg-card-button p-0 pt-3 d-grid col-sm-12 col-md-8\">\n\n                    <a rel=\"sponsored noopener\" onclick=\"gtag(&#039;event&#039;,&#039;cegg_affiliate_click&#039;,{&#039;cegg_product_title&#039;:&#039;Camiseta para Academia Treino Funcional&#039;,&#039;cegg_module&#039;:&#039;AmazonNoApi&#039;,&#039;cegg_merchant&#039;:&#039;Amazon.com.br&#039;,&#039;cegg_unique_id&#039;:&#039;br-B0BGLZVSNZ&#039;,&#039;cegg_post_id&#039;:37517});\" target=\"_blank\" href=\"https:\/\/www.amazon.com.br\/dp\/B0BGLZVSNZ\/?tag=lojamadameshop-20\" data-cegg-click=\"1\" data-cegg-link-id=\"242\" class=\"btn btn-success cegg-click\">SAIBA MAIS<\/a>                <\/div>\n                <div class=\"clearfix\"><\/div>\n\n            \n                            <div class=\"cegg-merchant fs-6 text-body-secondary pt-2\">\n\n                                            <span class=\"text-truncate\">Amazon.com.br<\/span>\n                    \n                    \n                <\/div>\n                        \n        <\/div>\n    <\/div>\n<\/div>                \n\n        <div class=\"row\">\n            <div class=\"col\">\n\n                                \n<div class=\"mb-4\"><\/div>\n\n                \n                                            <\/div>\n        <\/div>\n    <\/div><\/div>\n<p>Com uma composi\u00e7\u00e3o de 50% poli\u00e9ster reciclado, 25% algod\u00e3o e 25% viscose, essa blusa n\u00e3o s\u00f3 oferece uma sensa\u00e7\u00e3o agrad\u00e1vel ao toque, mas tamb\u00e9m contribui para a sustentabilidade ambiental.<\/p>\n<h3>Estilo e Conforto<\/h3>\n<p>Com um ajuste regular que favorece diferentes tipos de corpo, a blusa feminina da Adidas \u00e9 ideal para o uso di\u00e1rio, seja para atividades f\u00edsicas ou para um passeio casual.<\/p>\n<p>O design moderno e as costuras diferenciadas na parte das mangas conferem um charme extra, garantindo que voc\u00ea esteja sempre na moda.<\/p>\n<h3>Compromisso com a Sustentabilidade<\/h3>\n<p>Ao optar pela Blusa Feminina da Adidas, voc\u00ea tamb\u00e9m est\u00e1 fazendo uma escolha consciente.<\/p>\n<div class=\"cegg5-container cegg-data_item\"><div class=\"container px-0 mb-5 mt-1\" >\n\n                        \n<div class=\"cegg-item-card cegg-card  border\">\n\n    \n        \n    <div class=\"row p-3\">\n        <div class=\"cegg-item-card-img-col  col-md-6 position-relative\" style=\"max-width: 400px;\">\n\n                            <div class=\"position-relative\">\n\n                    \n                    <a rel=\"sponsored noopener\" onclick=\"gtag(&#039;event&#039;,&#039;cegg_affiliate_click&#039;,{&#039;cegg_product_title&#039;:&#039;Camiseta Adidas Feminina Own The Run&#039;,&#039;cegg_module&#039;:&#039;AE__mercadolivrecombr&#039;,&#039;cegg_unique_id&#039;:&#039;1a57eaa4da8a299c4ff47140bf4cc44b&#039;,&#039;cegg_post_id&#039;:37517});\" target=\"_blank\" href=\"https:\/\/produto.mercadolivre.com.br\/MLB-5186752502-camiseta-feminina-adidas-own-the-run-esportiva-_JM?matt_word=affeggmadashoplja&amp;matt_tool=66132418\" data-cegg-click=\"1\" data-cegg-link-id=\"226\" class=\"cegg-click\">                    <div class=\"ratio ratio-1x1 \">\n                        <img class=\"object-fit-scale rounded\" src=\"\/\/madameshop.com.br\/loja\/wp-content\/uploads\/2025\/02\/camisetafemininaadidasowntherunesportiva.webp\" decoding=\"async\" loading=\"lazy\" alt=\"Camiseta Adidas Feminina Own The Run\" title=\"\">                    <\/div>\n                    <\/a>\n                <\/div>\n            \n        <\/div>\n\n        <div class=\"col ps-xl-3\">\n\n                            <h3 class=\"card-title h4 fw-normal  cegg-text-truncate-2 pt-2 pt-md-3\">Camiseta Adidas Feminina Own The Run<\/h3>                        \n            \n                            <div class=\"cegg-card-price lh-1 mt-3 mb-2 hstack gap-4\">\n\n                    <div>\n                        <span class=\"cegg-price fs-4\">\n                            R$ 249,90                        <\/span>\n                                            <\/div>\n\n                    \n                <\/div>\n\n                                    <div class=\"cegg-stock-status small\">\n                        <span class=\"text-body-secondary\"><span class=\"text-success\"><span class=\"me-2\"><svg xmlns=\"http:\/\/www.w3.org\/2000\/svg\" width=\"16\" height=\"16\" fill=\"currentColor\" class=\"bi bi-check2\" viewBox=\"0 0 16 16\"><path d=\"M13.854 3.646a.5.5 0 0 1 0 .708l-7 7a.5.5 0 0 1-.708 0l-3.5-3.5a.5.5 0 1 1 .708-.708L6.5 10.293l6.646-6.647a.5.5 0 0 1 .708 0\"\/><\/svg><\/span><\/span><\/span>                    <\/div>\n                            \n            \n                            <div class=\"cegg-card-cashback text-success small pt-1\">\n                                    <\/div>\n            \n                            <div class=\"cegg-card-button p-0 pt-3 d-grid col-sm-12 col-md-8\">\n\n                    <a rel=\"sponsored noopener\" onclick=\"gtag(&#039;event&#039;,&#039;cegg_affiliate_click&#039;,{&#039;cegg_product_title&#039;:&#039;Camiseta Adidas Feminina Own The Run&#039;,&#039;cegg_module&#039;:&#039;AE__mercadolivrecombr&#039;,&#039;cegg_unique_id&#039;:&#039;1a57eaa4da8a299c4ff47140bf4cc44b&#039;,&#039;cegg_post_id&#039;:37517});\" target=\"_blank\" href=\"https:\/\/produto.mercadolivre.com.br\/MLB-5186752502-camiseta-feminina-adidas-own-the-run-esportiva-_JM?matt_word=affeggmadashoplja&amp;matt_tool=66132418\" data-cegg-click=\"1\" data-cegg-link-id=\"226\" class=\"btn btn-success cegg-click\">SAIBA MAIS<\/a>                <\/div>\n                <div class=\"clearfix\"><\/div>\n\n            \n                            <div class=\"cegg-merchant fs-6 text-body-secondary pt-2\">\n\n                                            <span class=\"text-truncate\">Mercadolivre.com.br<\/span>\n                    \n                    \n                <\/div>\n                        \n        <\/div>\n    <\/div>\n<\/div>                \n\n        <div class=\"row\">\n            <div class=\"col\">\n\n                                \n<div class=\"mb-4\"><\/div>\n\n                \n                                \n\n\n            <\/div>\n        <\/div>\n    <\/div>\n    <div class=\"container px-0 mb-5 mt-1\" >\n\n                        \n<div class=\"cegg-item-card cegg-card  border\">\n\n    \n        \n    <div class=\"row p-3\">\n        <div class=\"cegg-item-card-img-col  col-md-6 position-relative\" style=\"max-width: 400px;\">\n\n                            <div class=\"position-relative\">\n\n                    \n                    <a rel=\"sponsored noopener\" onclick=\"gtag(&#039;event&#039;,&#039;cegg_affiliate_click&#039;,{&#039;cegg_product_title&#039;:&#039;Blusa De Moletom Feminina Adidas All Over Print&#039;,&#039;cegg_module&#039;:&#039;AE__mercadolivrecombr&#039;,&#039;cegg_unique_id&#039;:&#039;eb07704b92950a921284cade4e4741ca&#039;,&#039;cegg_post_id&#039;:37517});\" target=\"_blank\" href=\"https:\/\/produto.mercadolivre.com.br\/MLB-4936587874-blusa-de-moletom-feminina-adidas-all-over-print-_JM?matt_word=affeggmadashoplja&amp;matt_tool=66132418\" data-cegg-click=\"1\" data-cegg-link-id=\"227\" class=\"cegg-click\">                    <div class=\"ratio ratio-1x1 \">\n                        <img class=\"object-fit-scale rounded\" src=\"\/\/madameshop.com.br\/loja\/wp-content\/uploads\/2025\/02\/blusademoletomfemininaadidasalloverprint.webp\" decoding=\"async\" loading=\"lazy\" alt=\"Blusa De Moletom Feminina Adidas All Over Print\" title=\"\">                    <\/div>\n                    <\/a>\n                <\/div>\n            \n        <\/div>\n\n        <div class=\"col ps-xl-3\">\n\n                            <h3 class=\"card-title h4 fw-normal  cegg-text-truncate-2 pt-2 pt-md-3\">Blusa De Moletom Feminina Adidas All Over Print<\/h3>                        \n            \n                            <div class=\"cegg-card-price lh-1 mt-3 mb-2 hstack gap-4\">\n\n                    <div>\n                        <span class=\"cegg-price fs-4\">\n                            R$ 215,78                        <\/span>\n                                            <\/div>\n\n                    \n                <\/div>\n\n                                    <div class=\"cegg-stock-status small\">\n                        <span class=\"text-body-secondary\"><span class=\"text-success\"><span class=\"me-2\"><svg xmlns=\"http:\/\/www.w3.org\/2000\/svg\" width=\"16\" height=\"16\" fill=\"currentColor\" class=\"bi bi-check2\" viewBox=\"0 0 16 16\"><path d=\"M13.854 3.646a.5.5 0 0 1 0 .708l-7 7a.5.5 0 0 1-.708 0l-3.5-3.5a.5.5 0 1 1 .708-.708L6.5 10.293l6.646-6.647a.5.5 0 0 1 .708 0\"\/><\/svg><\/span><\/span><\/span>                    <\/div>\n                            \n            \n                            <div class=\"cegg-card-cashback text-success small pt-1\">\n                                    <\/div>\n            \n                            <div class=\"cegg-card-button p-0 pt-3 d-grid col-sm-12 col-md-8\">\n\n                    <a rel=\"sponsored noopener\" onclick=\"gtag(&#039;event&#039;,&#039;cegg_affiliate_click&#039;,{&#039;cegg_product_title&#039;:&#039;Blusa De Moletom Feminina Adidas All Over Print&#039;,&#039;cegg_module&#039;:&#039;AE__mercadolivrecombr&#039;,&#039;cegg_unique_id&#039;:&#039;eb07704b92950a921284cade4e4741ca&#039;,&#039;cegg_post_id&#039;:37517});\" target=\"_blank\" href=\"https:\/\/produto.mercadolivre.com.br\/MLB-4936587874-blusa-de-moletom-feminina-adidas-all-over-print-_JM?matt_word=affeggmadashoplja&amp;matt_tool=66132418\" data-cegg-click=\"1\" data-cegg-link-id=\"227\" class=\"btn btn-success cegg-click\">SAIBA MAIS<\/a>                <\/div>\n                <div class=\"clearfix\"><\/div>\n\n            \n                            <div class=\"cegg-merchant fs-6 text-body-secondary pt-2\">\n\n                                            <span class=\"text-truncate\">Mercadolivre.com.br<\/span>\n                    \n                    \n                <\/div>\n                        \n        <\/div>\n    <\/div>\n<\/div>                \n\n        <div class=\"row\">\n            <div class=\"col\">\n\n                                \n<div class=\"mb-4\"><\/div>\n\n                \n                                \n\n\n            <\/div>\n        <\/div>\n    <\/div><\/div>\n<p>A utiliza\u00e7\u00e3o de poli\u00e9ster reciclado \u00e9 um passo importante para a redu\u00e7\u00e3o do impacto ambiental e demonstra o compromisso da marca com a sustentabilidade.<\/p>\n<p>Ent\u00e3o, se voc\u00ea est\u00e1 em busca de uma blusa que combine estilo, conforto e responsabilidade ambiental, a Blusa Feminina da Adidas \u00e9 a escolha certa.<\/p>\n<p>Adicione essa pe\u00e7a ao seu guarda-roupa e experimente a sensa\u00e7\u00e3o de estar vestindo algo que faz a diferen\u00e7a.<\/p>\n","protected":false},"excerpt":{"rendered":"<p><strong>Transforme seu visual<\/strong> com a Blusa Feminina da Adidas Future Icons Winners 3.0!<\/p>\n<p>Confort\u00e1vel, elegante e feita com materiais reciclados, ela \u00e9 perfeita para combinar com seus jeans favoritos. <strong>Garanta a sua agora<\/strong> e aproveite o dia com estilo!<\/p>\n","protected":false},"featured_media":999980000000375170,"comment_status":"closed","ping_status":"closed","template":"","meta":[],"product_brand":[],"product_cat":[725,821],"product_tag":[],"class_list":{"0":"post-37517","1":"product","2":"type-product","3":"status-publish","4":"has-post-thumbnail","6":"product_cat-blusas-femininas","7":"product_cat-lancamentos","9":"first","10":"instock","11":"shipping-taxable","12":"product-type-external"},"_links":{"self":[{"href":"https:\/\/madameshop.com.br\/loja\/wp-json\/wp\/v2\/product\/37517","targetHints":{"allow":["GET"]}}],"collection":[{"href":"https:\/\/madameshop.com.br\/loja\/wp-json\/wp\/v2\/product"}],"about":[{"href":"https:\/\/madameshop.com.br\/loja\/wp-json\/wp\/v2\/types\/product"}],"replies":[{"embeddable":true,"href":"https:\/\/madameshop.com.br\/loja\/wp-json\/wp\/v2\/comments?post=37517"}],"version-history":[{"count":3,"href":"https:\/\/madameshop.com.br\/loja\/wp-json\/wp\/v2\/product\/37517\/revisions"}],"predecessor-version":[{"id":37520,"href":"https:\/\/madameshop.com.br\/loja\/wp-json\/wp\/v2\/product\/37517\/revisions\/37520"}],"wp:featuredmedia":[{"embeddable":true,"href":"https:\/\/madameshop.com.br\/loja\/wp-json\/"}],"wp:attachment":[{"href":"https:\/\/madameshop.com.br\/loja\/wp-json\/wp\/v2\/media?parent=37517"}],"wp:term":[{"taxonomy":"product_brand","embeddable":true,"href":"https:\/\/madameshop.com.br\/loja\/wp-json\/wp\/v2\/product_brand?post=37517"},{"taxonomy":"product_cat","embeddable":true,"href":"https:\/\/madameshop.com.br\/loja\/wp-json\/wp\/v2\/product_cat?post=37517"},{"taxonomy":"product_tag","embeddable":true,"href":"https:\/\/madameshop.com.br\/loja\/wp-json\/wp\/v2\/product_tag?post=37517"}],"curies":[{"name":"wp","href":"https:\/\/api.w.org\/{rel}","templated":true}]}}