{"id":37585,"date":"2025-03-13T16:19:16","date_gmt":"2025-03-13T19:19:16","guid":{"rendered":"https:\/\/madameshop.com.br\/loja\/?post_type=product&#038;p=37585"},"modified":"2026-04-02T00:00:39","modified_gmt":"2026-04-02T03:00:39","slug":"macacao-de-academia-preto-plus-size","status":"publish","type":"product","link":"https:\/\/madameshop.com.br\/loja\/macacao-de-academia-preto-plus-size\/","title":{"rendered":"Macac\u00e3o de Academia Preto Plus Size"},"content":{"rendered":"<div class=\"cegg5-container cegg-item_simple\"><div class=\"container px-0 mb-5 mt-1\" >\n        \n<div class=\"cegg-item-card cegg-card  border\">\n\n    \n        \n    <div class=\"row p-3\">\n        <div class=\"cegg-item-card-img-col  col-md-6 position-relative\" style=\"max-width: 400px;\">\n\n                            <div class=\"position-relative\">\n\n                    \n                    <a rel=\"sponsored noopener\" onclick=\"gtag(&#039;event&#039;,&#039;cegg_affiliate_click&#039;,{&#039;cegg_product_title&#039;:&#039;Macac\u00e3o de Academia Preto&#039;,&#039;cegg_module&#039;:&#039;Awin&#039;,&#039;cegg_merchant&#039;:&#039;Posthaus BR&#039;,&#039;cegg_unique_id&#039;:&#039;36307306468&#039;,&#039;cegg_post_id&#039;:37585});\" target=\"_blank\" href=\"https:\/\/www.awin1.com\/pclick.php?p=36307306468&amp;a=1283115&amp;m=17634\" data-cegg-click=\"1\" data-cegg-link-id=\"307\" class=\"cegg-click\">                    <div class=\"ratio ratio-1x1 \">\n                        <img class=\"object-fit-scale rounded\" src=\"\/\/madameshop.com.br\/loja\/wp-content\/uploads\/2025\/03\/macacodeacademiapreto-1.jpg\" decoding=\"async\" loading=\"lazy\" alt=\"Macac\u00e3o de Academia Preto\" title=\"\">                    <\/div>\n                    <\/a>\n                <\/div>\n            \n        <\/div>\n\n        <div class=\"col ps-xl-3\">\n\n                            <h3 class=\"card-title h4 fw-normal  cegg-text-truncate-2 pt-2 pt-md-3\">Macac\u00e3o de Academia Preto<\/h3>                                        <div class=\"cegg-item-subtitle fs-6 text-body-secondary cegg-text-truncate-2\">5x s\/ juros | Troca Gr\u00e1tis<\/div>\n            \n                            <div class=\"pt-0 fs-4\">\n                    <div class=\"cegg-rating-stars\" style=\"--rating: 5\"><span class=\"cegg-rating-value ps-2 text-body-secondary\">5.0<\/span><\/div>                <\/div>\n            \n                            <div class=\"cegg-card-price lh-1 mt-3 mb-2 hstack gap-4\">\n\n                    <div>\n                        <span class=\"cegg-price fs-4 text-body-tertiary\">\n                                                    <\/span>\n                                            <\/div>\n\n                    \n                <\/div>\n\n                                    <div class=\"cegg-stock-status small\">\n                        <span class=\"text-body-secondary\"><span class=\"text-danger\"><\/span><\/span>                    <\/div>\n                            \n            \n                            <div class=\"cegg-card-cashback text-success small pt-1\">\n                                    <\/div>\n            \n                            <div class=\"cegg-card-button p-0 pt-3 d-grid col-sm-12 col-md-8\">\n\n                    <a rel=\"sponsored noopener\" onclick=\"gtag(&#039;event&#039;,&#039;cegg_affiliate_click&#039;,{&#039;cegg_product_title&#039;:&#039;Macac\u00e3o de Academia Preto&#039;,&#039;cegg_module&#039;:&#039;Awin&#039;,&#039;cegg_merchant&#039;:&#039;Posthaus BR&#039;,&#039;cegg_unique_id&#039;:&#039;36307306468&#039;,&#039;cegg_post_id&#039;:37585});\" target=\"_blank\" href=\"https:\/\/www.awin1.com\/pclick.php?p=36307306468&amp;a=1283115&amp;m=17634\" data-cegg-click=\"1\" data-cegg-link-id=\"307\" class=\"btn btn-success cegg-click\">SAIBA MAIS<\/a>                <\/div>\n                <div class=\"clearfix\"><\/div>\n\n            \n                            <div class=\"cegg-merchant fs-6 text-body-secondary pt-2\">\n\n                                            <span class=\"text-truncate\">Posthaus.com.br<\/span>\n                    \n                    \n                <\/div>\n                        \n        <\/div>\n    <\/div>\n<\/div>    \n  <\/div>\n  <div class=\"container px-0 mb-5 mt-1\" >\n        \n<div class=\"cegg-item-card cegg-card  border\">\n\n    \n        \n    <div class=\"row p-3\">\n        <div class=\"cegg-item-card-img-col  col-md-6 position-relative\" style=\"max-width: 400px;\">\n\n                            <div class=\"position-relative\">\n\n                    \n                    <a rel=\"sponsored noopener\" onclick=\"gtag(&#039;event&#039;,&#039;cegg_affiliate_click&#039;,{&#039;cegg_product_title&#039;:&#039;Macac\u00e3o de Academia Top Suit&#039;,&#039;cegg_module&#039;:&#039;Shopee&#039;,&#039;cegg_merchant&#039;:&#039;Shopee&#039;,&#039;cegg_unique_id&#039;:&#039;26771850813&#039;,&#039;cegg_post_id&#039;:37585});\" target=\"_blank\" href=\"https:\/\/s.shopee.com.br\/4VPBzStSrK\" data-cegg-click=\"1\" data-cegg-link-id=\"384\" class=\"cegg-click\">                    <div class=\"ratio ratio-1x1 \">\n                        <img class=\"object-fit-scale rounded\" src=\"\/\/madameshop.com.br\/loja\/wp-content\/uploads\/2025\/03\/macacodeacademiatopsuit-1.jpg\" decoding=\"async\" loading=\"lazy\" alt=\"Macac\u00e3o de Academia Top Suit\" title=\"\">                    <\/div>\n                    <\/a>\n                <\/div>\n            \n        <\/div>\n\n        <div class=\"col ps-xl-3\">\n\n                            <h3 class=\"card-title h4 fw-normal  cegg-text-truncate-2 pt-2 pt-md-3\">Macac\u00e3o de Academia Top Suit<\/h3>                        \n            \n                            <div class=\"cegg-card-price lh-1 mt-3 mb-2 hstack gap-4\">\n\n                    <div>\n                        <span class=\"cegg-price fs-4\">\n                            R$ 105,99                        <\/span>\n                                                    <del class=\"cegg-old-price text-body-tertiary fs-5 fw-normal\">R$ 132,49<\/del>\n                                            <\/div>\n\n                    \n                <\/div>\n\n                            \n            \n                            <div class=\"cegg-card-cashback text-success small pt-1\">\n                                    <\/div>\n            \n                            <div class=\"cegg-card-button p-0 pt-3 d-grid col-sm-12 col-md-8\">\n\n                    <a rel=\"sponsored noopener\" onclick=\"gtag(&#039;event&#039;,&#039;cegg_affiliate_click&#039;,{&#039;cegg_product_title&#039;:&#039;Macac\u00e3o de Academia Top Suit&#039;,&#039;cegg_module&#039;:&#039;Shopee&#039;,&#039;cegg_merchant&#039;:&#039;Shopee&#039;,&#039;cegg_unique_id&#039;:&#039;26771850813&#039;,&#039;cegg_post_id&#039;:37585});\" target=\"_blank\" href=\"https:\/\/s.shopee.com.br\/4VPBzStSrK\" data-cegg-click=\"1\" data-cegg-link-id=\"384\" class=\"btn btn-success cegg-click\">SAIBA MAIS<\/a>                <\/div>\n                <div class=\"clearfix\"><\/div>\n\n            \n                            <div class=\"cegg-merchant fs-6 text-body-secondary pt-2\">\n\n                                            <span class=\"text-truncate\">Shopee.com.br<\/span>\n                    \n                    \n                <\/div>\n                        \n        <\/div>\n    <\/div>\n<\/div>    \n  <\/div>\n  <div class=\"container px-0 mb-5 mt-1\" >\n        \n<div class=\"cegg-item-card cegg-card  border\">\n\n    \n        \n    <div class=\"row p-3\">\n        <div class=\"cegg-item-card-img-col  col-md-6 position-relative\" style=\"max-width: 400px;\">\n\n                            <div class=\"position-relative\">\n\n                    \n                    <a rel=\"sponsored noopener\" onclick=\"gtag(&#039;event&#039;,&#039;cegg_affiliate_click&#039;,{&#039;cegg_product_title&#039;:&#039;Macac\u00e3o de Academia Um Ombro&#039;,&#039;cegg_module&#039;:&#039;Shopee&#039;,&#039;cegg_merchant&#039;:&#039;Shopee&#039;,&#039;cegg_unique_id&#039;:&#039;23798135488&#039;,&#039;cegg_post_id&#039;:37585});\" target=\"_blank\" href=\"https:\/\/s.shopee.com.br\/6L0BKSzH7s\" data-cegg-click=\"1\" data-cegg-link-id=\"385\" class=\"cegg-click\">                    <div class=\"ratio ratio-1x1 \">\n                        <img class=\"object-fit-scale rounded\" src=\"\/\/madameshop.com.br\/loja\/wp-content\/uploads\/2025\/03\/macacodeacademiaumombro-1.jpg\" decoding=\"async\" loading=\"lazy\" alt=\"Macac\u00e3o de Academia Um Ombro\" title=\"\">                    <\/div>\n                    <\/a>\n                <\/div>\n            \n        <\/div>\n\n        <div class=\"col ps-xl-3\">\n\n                            <h3 class=\"card-title h4 fw-normal  cegg-text-truncate-2 pt-2 pt-md-3\">Macac\u00e3o de Academia Um Ombro<\/h3>                                        <div class=\"cegg-item-subtitle fs-6 text-body-secondary cegg-text-truncate-2\">Empina Bumbum<\/div>\n            \n            \n                            <div class=\"cegg-card-price lh-1 mt-3 mb-2 hstack gap-4\">\n\n                    <div>\n                        <span class=\"cegg-price fs-4\">\n                            R$ 129,90                        <\/span>\n                                            <\/div>\n\n                    \n                <\/div>\n\n                            \n            \n                            <div class=\"cegg-card-cashback text-success small pt-1\">\n                                    <\/div>\n            \n                            <div class=\"cegg-card-button p-0 pt-3 d-grid col-sm-12 col-md-8\">\n\n                    <a rel=\"sponsored noopener\" onclick=\"gtag(&#039;event&#039;,&#039;cegg_affiliate_click&#039;,{&#039;cegg_product_title&#039;:&#039;Macac\u00e3o de Academia Um Ombro&#039;,&#039;cegg_module&#039;:&#039;Shopee&#039;,&#039;cegg_merchant&#039;:&#039;Shopee&#039;,&#039;cegg_unique_id&#039;:&#039;23798135488&#039;,&#039;cegg_post_id&#039;:37585});\" target=\"_blank\" href=\"https:\/\/s.shopee.com.br\/6L0BKSzH7s\" data-cegg-click=\"1\" data-cegg-link-id=\"385\" class=\"btn btn-success cegg-click\">SAIBA MAIS<\/a>                <\/div>\n                <div class=\"clearfix\"><\/div>\n\n            \n                            <div class=\"cegg-merchant fs-6 text-body-secondary pt-2\">\n\n                                            <span class=\"text-truncate\">Shopee.com.br<\/span>\n                    \n                    \n                <\/div>\n                        \n        <\/div>\n    <\/div>\n<\/div>    \n  <\/div>\n  <div class=\"container px-0 mb-5 mt-1\" >\n        \n<div class=\"cegg-item-card cegg-card  border\">\n\n    \n        \n    <div class=\"row p-3\">\n        <div class=\"cegg-item-card-img-col  col-md-6 position-relative\" style=\"max-width: 400px;\">\n\n                            <div class=\"position-relative\">\n\n                    \n                    <a rel=\"sponsored noopener\" onclick=\"gtag(&#039;event&#039;,&#039;cegg_affiliate_click&#039;,{&#039;cegg_product_title&#039;:&#039;Macac\u00e3o de Academia sem Mangas&#039;,&#039;cegg_module&#039;:&#039;Shopee&#039;,&#039;cegg_merchant&#039;:&#039;Shopee&#039;,&#039;cegg_unique_id&#039;:&#039;27377955179&#039;,&#039;cegg_post_id&#039;:37585});\" target=\"_blank\" href=\"https:\/\/s.shopee.com.br\/AKMu7SmRq3\" data-cegg-click=\"1\" data-cegg-link-id=\"386\" class=\"cegg-click\">                    <div class=\"ratio ratio-1x1 \">\n                        <img class=\"object-fit-scale rounded\" src=\"\/\/madameshop.com.br\/loja\/wp-content\/uploads\/2025\/03\/macacodeacademiasemmangas-1.jpg\" decoding=\"async\" loading=\"lazy\" alt=\"Macac\u00e3o de Academia sem Mangas\" title=\"\">                    <\/div>\n                    <\/a>\n                <\/div>\n            \n        <\/div>\n\n        <div class=\"col ps-xl-3\">\n\n                            <h3 class=\"card-title h4 fw-normal  cegg-text-truncate-2 pt-2 pt-md-3\">Macac\u00e3o de Academia sem Mangas<\/h3>                                        <div class=\"cegg-item-subtitle fs-6 text-body-secondary cegg-text-truncate-2\">Yoga<\/div>\n            \n            \n                            <div class=\"cegg-card-price lh-1 mt-3 mb-2 hstack gap-4\">\n\n                    <div>\n                        <span class=\"cegg-price fs-4\">\n                            R$ 91,62                        <\/span>\n                                                    <del class=\"cegg-old-price text-body-tertiary fs-5 fw-normal\">R$ 152,70<\/del>\n                                            <\/div>\n\n                    \n                <\/div>\n\n                            \n            \n                            <div class=\"cegg-card-cashback text-success small pt-1\">\n                                    <\/div>\n            \n                            <div class=\"cegg-card-button p-0 pt-3 d-grid col-sm-12 col-md-8\">\n\n                    <a rel=\"sponsored noopener\" onclick=\"gtag(&#039;event&#039;,&#039;cegg_affiliate_click&#039;,{&#039;cegg_product_title&#039;:&#039;Macac\u00e3o de Academia sem Mangas&#039;,&#039;cegg_module&#039;:&#039;Shopee&#039;,&#039;cegg_merchant&#039;:&#039;Shopee&#039;,&#039;cegg_unique_id&#039;:&#039;27377955179&#039;,&#039;cegg_post_id&#039;:37585});\" target=\"_blank\" href=\"https:\/\/s.shopee.com.br\/AKMu7SmRq3\" data-cegg-click=\"1\" data-cegg-link-id=\"386\" class=\"btn btn-success cegg-click\">SAIBA MAIS<\/a>                <\/div>\n                <div class=\"clearfix\"><\/div>\n\n            \n                            <div class=\"cegg-merchant fs-6 text-body-secondary pt-2\">\n\n                                            <span class=\"text-truncate\">Shopee.com.br<\/span>\n                    \n                    \n                <\/div>\n                        \n        <\/div>\n    <\/div>\n<\/div>    \n  <\/div>\n  <div class=\"container px-0 mb-5 mt-1\" >\n        \n<div class=\"cegg-item-card cegg-card  border\">\n\n    \n        \n    <div class=\"row p-3\">\n        <div class=\"cegg-item-card-img-col  col-md-6 position-relative\" style=\"max-width: 400px;\">\n\n                            <div class=\"position-relative\">\n\n                    \n                    <a rel=\"sponsored noopener\" onclick=\"gtag(&#039;event&#039;,&#039;cegg_affiliate_click&#039;,{&#039;cegg_product_title&#039;:&#039;Macac\u00e3o de Academia com bojo&#039;,&#039;cegg_module&#039;:&#039;Shopee&#039;,&#039;cegg_merchant&#039;:&#039;Shopee&#039;,&#039;cegg_unique_id&#039;:&#039;19561392393&#039;,&#039;cegg_post_id&#039;:37585});\" target=\"_blank\" href=\"https:\/\/s.shopee.com.br\/6L0BKTCGbR\" data-cegg-click=\"1\" data-cegg-link-id=\"387\" class=\"cegg-click\">                    <div class=\"ratio ratio-1x1 \">\n                        <img class=\"object-fit-scale rounded\" src=\"\/\/madameshop.com.br\/loja\/wp-content\/uploads\/2025\/03\/macacodeacademiacombojo-1.jpg\" decoding=\"async\" loading=\"lazy\" alt=\"Macac\u00e3o de Academia com bojo\" title=\"\">                    <\/div>\n                    <\/a>\n                <\/div>\n            \n        <\/div>\n\n        <div class=\"col ps-xl-3\">\n\n                            <h3 class=\"card-title h4 fw-normal  cegg-text-truncate-2 pt-2 pt-md-3\">Macac\u00e3o de Academia com bojo<\/h3>                                        <div class=\"cegg-item-subtitle fs-6 text-body-secondary cegg-text-truncate-2\">Levanta bumbum<\/div>\n            \n            \n                            <div class=\"cegg-card-price lh-1 mt-3 mb-2 hstack gap-4\">\n\n                    <div>\n                        <span class=\"cegg-price fs-4\">\n                            R$ 169,00                        <\/span>\n                                            <\/div>\n\n                    \n                <\/div>\n\n                            \n            \n                            <div class=\"cegg-card-cashback text-success small pt-1\">\n                                    <\/div>\n            \n                            <div class=\"cegg-card-button p-0 pt-3 d-grid col-sm-12 col-md-8\">\n\n                    <a rel=\"sponsored noopener\" onclick=\"gtag(&#039;event&#039;,&#039;cegg_affiliate_click&#039;,{&#039;cegg_product_title&#039;:&#039;Macac\u00e3o de Academia com bojo&#039;,&#039;cegg_module&#039;:&#039;Shopee&#039;,&#039;cegg_merchant&#039;:&#039;Shopee&#039;,&#039;cegg_unique_id&#039;:&#039;19561392393&#039;,&#039;cegg_post_id&#039;:37585});\" target=\"_blank\" href=\"https:\/\/s.shopee.com.br\/6L0BKTCGbR\" data-cegg-click=\"1\" data-cegg-link-id=\"387\" class=\"btn btn-success cegg-click\">SAIBA MAIS<\/a>                <\/div>\n                <div class=\"clearfix\"><\/div>\n\n            \n                            <div class=\"cegg-merchant fs-6 text-body-secondary pt-2\">\n\n                                            <span class=\"text-truncate\">Shopee.com.br<\/span>\n                    \n                    \n                <\/div>\n                        \n        <\/div>\n    <\/div>\n<\/div>    \n  <\/div>\n  <div class=\"container px-0 mb-5 mt-1\" >\n        \n<div class=\"cegg-item-card cegg-card  border\">\n\n    \n        \n    <div class=\"row p-3\">\n        <div class=\"cegg-item-card-img-col  col-md-6 position-relative\" style=\"max-width: 400px;\">\n\n                            <div class=\"position-relative\">\n\n                    \n                    <a rel=\"sponsored noopener\" onclick=\"gtag(&#039;event&#039;,&#039;cegg_affiliate_click&#039;,{&#039;cegg_product_title&#039;:&#039;Macac\u00e3o de Academia Azul&#039;,&#039;cegg_module&#039;:&#039;Shopee&#039;,&#039;cegg_merchant&#039;:&#039;Shopee&#039;,&#039;cegg_unique_id&#039;:&#039;26821451360&#039;,&#039;cegg_post_id&#039;:37585});\" target=\"_blank\" href=\"https:\/\/s.shopee.com.br\/20hr0tFmEk\" data-cegg-click=\"1\" data-cegg-link-id=\"388\" class=\"cegg-click\">                    <div class=\"ratio ratio-1x1 \">\n                        <img class=\"object-fit-scale rounded\" src=\"\/\/madameshop.com.br\/loja\/wp-content\/uploads\/2025\/03\/macacodeacademiaazul-1.jpg\" decoding=\"async\" loading=\"lazy\" alt=\"Macac\u00e3o de Academia Azul\" title=\"\">                    <\/div>\n                    <\/a>\n                <\/div>\n            \n        <\/div>\n\n        <div class=\"col ps-xl-3\">\n\n                            <h3 class=\"card-title h4 fw-normal  cegg-text-truncate-2 pt-2 pt-md-3\">Macac\u00e3o de Academia Azul<\/h3>                        \n            \n                            <div class=\"cegg-card-price lh-1 mt-3 mb-2 hstack gap-4\">\n\n                    <div>\n                        <span class=\"cegg-price fs-4\">\n                            R$ 85,35                        <\/span>\n                                                    <del class=\"cegg-old-price text-body-tertiary fs-5 fw-normal\">R$ 106,69<\/del>\n                                            <\/div>\n\n                    \n                <\/div>\n\n                            \n            \n                            <div class=\"cegg-card-cashback text-success small pt-1\">\n                                    <\/div>\n            \n                            <div class=\"cegg-card-button p-0 pt-3 d-grid col-sm-12 col-md-8\">\n\n                    <a rel=\"sponsored noopener\" onclick=\"gtag(&#039;event&#039;,&#039;cegg_affiliate_click&#039;,{&#039;cegg_product_title&#039;:&#039;Macac\u00e3o de Academia Azul&#039;,&#039;cegg_module&#039;:&#039;Shopee&#039;,&#039;cegg_merchant&#039;:&#039;Shopee&#039;,&#039;cegg_unique_id&#039;:&#039;26821451360&#039;,&#039;cegg_post_id&#039;:37585});\" target=\"_blank\" href=\"https:\/\/s.shopee.com.br\/20hr0tFmEk\" data-cegg-click=\"1\" data-cegg-link-id=\"388\" class=\"btn btn-success cegg-click\">SAIBA MAIS<\/a>                <\/div>\n                <div class=\"clearfix\"><\/div>\n\n            \n                            <div class=\"cegg-merchant fs-6 text-body-secondary pt-2\">\n\n                                            <span class=\"text-truncate\">Shopee.com.br<\/span>\n                    \n                    \n                <\/div>\n                        \n        <\/div>\n    <\/div>\n<\/div>    \n  <\/div><\/div>\n<p>Se voc\u00ea est\u00e1 em busca de uma pe\u00e7a que una conforto, estilo e funcionalidade, este <strong>Macac\u00e3o de Academia Preto<\/strong>\u00a0\u00e9 a escolha perfeita!<\/p>\n<p>Desenvolvido especialmente para o p\u00fablico plus size, este macac\u00e3o \u00e9 feito de suplex, um tecido encorpado que proporciona alta elasticidade, permitindo liberdade total de movimentos durante suas atividades f\u00edsicas.<\/p>\n<h2>Design e Modelagem<\/h2>\n<p>A modelagem ajustada deste macac\u00e3o de academia proporciona um caimento perfeito ao corpo, valorizando suas curvas de forma elegante.<\/p>\n<p>Al\u00e9m disso, sua cor preta \u00e9 cl\u00e1ssica e vers\u00e1til, permitindo que voc\u00ea combine facilmente com diversas sobreposi\u00e7\u00f5es, como jaquetas, camisetas ou at\u00e9 mesmo um cropped.<\/p>\n<p>Seja para uma ida \u00e0 academia ou para um passeio casual, o macac\u00e3o se adapta a diferentes ocasi\u00f5es.<\/p>\n<h3>Ideal para Yoga e Pilates<\/h3>\n<p>Uma das grandes vantagens deste <strong>Macac\u00e3o de Academia Preto<\/strong>\u00a0\u00e9 que ele foi projetado para a pr\u00e1tica de atividades como Yoga e Pilates.<\/p>\n<p>O tecido de alta elasticidade oferece conforto e suporte, permitindo que voc\u00ea execute os movimentos com facilidade e seguran\u00e7a.<\/p>\n<p>A pe\u00e7a se ajusta ao corpo sem apertar, garantindo que voc\u00ea se concentre apenas na sua pr\u00e1tica.<\/p>\n<h3>Cuidados e Manuten\u00e7\u00e3o<\/h3>\n<p>Para garantir a durabilidade do seu macac\u00e3o, \u00e9 importante seguir algumas dicas de cuidados.<\/p>\n<p>Lave \u00e0 m\u00e3o ou em ciclo delicado na m\u00e1quina, utilizando \u00e1gua fria e sab\u00e3o neutro.<\/p>\n<p>Evite alvejantes e n\u00e3o passe a pe\u00e7a, pois o calor pode danificar as fibras do tecido.<\/p>\n<p>Com os devidos cuidados, seu macac\u00e3o permanecer\u00e1 com apar\u00eancia de novo por muito mais tempo.<\/p>\n<h3>Conclus\u00e3o<\/h3>\n<p>Este <strong>Macac\u00e3o de Academia Preto<\/strong>\u00a0\u00e9 a escolha ideal para quem busca uma pe\u00e7a pr\u00e1tica, confort\u00e1vel e estilosa para suas atividades f\u00edsicas.<\/p>\n<p>Com sua modelagem ajustada e tecido de alta qualidade, voc\u00ea estar\u00e1 pronta para enfrentar qualquer treino com confian\u00e7a e eleg\u00e2ncia.<\/p>\n<p>N\u00e3o perca a oportunidade de adicionar essa <strong>pe\u00e7a incr\u00edvel<\/strong> ao seu guarda-roupa fitness!<\/p>\n","protected":false},"excerpt":{"rendered":"<p>Experimente este <strong>Macac\u00e3o de Academia Preto<\/strong>, a pe\u00e7a ideal para quem busca conforto e eleg\u00e2ncia durante a pr\u00e1tica de Yoga e Pilates. \ud83d\udc49 <strong>Garanta o seu agora mesmo!<\/strong><\/p>\n","protected":false},"featured_media":37595,"comment_status":"closed","ping_status":"closed","template":"","meta":[],"product_brand":[],"product_cat":[821,726,799,727],"product_tag":[909],"class_list":{"0":"post-37585","1":"product","2":"type-product","3":"status-publish","4":"has-post-thumbnail","6":"product_cat-lancamentos","7":"product_cat-macacoes","8":"product_cat-macacoes-plus-size","9":"product_cat-plus-size","10":"product_tag-macacao","12":"first","13":"instock","14":"shipping-taxable","15":"product-type-external"},"_links":{"self":[{"href":"https:\/\/madameshop.com.br\/loja\/wp-json\/wp\/v2\/product\/37585","targetHints":{"allow":["GET"]}}],"collection":[{"href":"https:\/\/madameshop.com.br\/loja\/wp-json\/wp\/v2\/product"}],"about":[{"href":"https:\/\/madameshop.com.br\/loja\/wp-json\/wp\/v2\/types\/product"}],"replies":[{"embeddable":true,"href":"https:\/\/madameshop.com.br\/loja\/wp-json\/wp\/v2\/comments?post=37585"}],"version-history":[{"count":3,"href":"https:\/\/madameshop.com.br\/loja\/wp-json\/wp\/v2\/product\/37585\/revisions"}],"predecessor-version":[{"id":37594,"href":"https:\/\/madameshop.com.br\/loja\/wp-json\/wp\/v2\/product\/37585\/revisions\/37594"}],"wp:featuredmedia":[{"embeddable":true,"href":"https:\/\/madameshop.com.br\/loja\/wp-json\/wp\/v2\/media\/37595"}],"wp:attachment":[{"href":"https:\/\/madameshop.com.br\/loja\/wp-json\/wp\/v2\/media?parent=37585"}],"wp:term":[{"taxonomy":"product_brand","embeddable":true,"href":"https:\/\/madameshop.com.br\/loja\/wp-json\/wp\/v2\/product_brand?post=37585"},{"taxonomy":"product_cat","embeddable":true,"href":"https:\/\/madameshop.com.br\/loja\/wp-json\/wp\/v2\/product_cat?post=37585"},{"taxonomy":"product_tag","embeddable":true,"href":"https:\/\/madameshop.com.br\/loja\/wp-json\/wp\/v2\/product_tag?post=37585"}],"curies":[{"name":"wp","href":"https:\/\/api.w.org\/{rel}","templated":true}]}}