{"id":38349,"date":"2026-01-24T16:17:38","date_gmt":"2026-01-24T19:17:38","guid":{"rendered":"https:\/\/madameshop.com.br\/loja\/?post_type=product&#038;p=38349"},"modified":"2026-04-28T19:00:17","modified_gmt":"2026-04-28T22:00:17","slug":"saia-gode","status":"publish","type":"product","link":"https:\/\/madameshop.com.br\/loja\/saia-gode\/","title":{"rendered":"Saia God\u00ea"},"content":{"rendered":"<div class=\"cegg5-container cegg-data_item\"><div class=\"container px-0 mb-5 mt-1\" >\n\n                        \n<div class=\"cegg-item-card cegg-card  border\">\n\n    \n        \n    <div class=\"row p-3\">\n        <div class=\"cegg-item-card-img-col  col-md-6 position-relative\" style=\"max-width: 400px;\">\n\n                            <div class=\"position-relative\">\n\n                    \n                    <a rel=\"sponsored noopener\" onclick=\"gtag(&#039;event&#039;,&#039;cegg_affiliate_click&#039;,{&#039;cegg_product_title&#039;:&#039;Saia God\u00ea com Cinto&#039;,&#039;cegg_module&#039;:&#039;Shopee&#039;,&#039;cegg_merchant&#039;:&#039;Shopee&#039;,&#039;cegg_unique_id&#039;:&#039;22791410074&#039;,&#039;cegg_post_id&#039;:38349});\" target=\"_blank\" href=\"https:\/\/s.shopee.com.br\/LjeurLC5W\" data-cegg-click=\"1\" data-cegg-link-id=\"892\" class=\"cegg-click\">                    <div class=\"ratio ratio-1x1 \">\n                        <img class=\"object-fit-scale rounded\" src=\"https:\/\/cf.shopee.com.br\/file\/br-11134207-7qukw-lhmykc4ca1i568\" decoding=\"async\" loading=\"lazy\" alt=\"Saia God\u00ea com Cinto\" title=\"\">                    <\/div>\n                    <\/a>\n                <\/div>\n            \n        <\/div>\n\n        <div class=\"col ps-xl-3\">\n\n                            <h3 class=\"card-title h4 fw-normal  cegg-text-truncate-2 pt-2 pt-md-3\">Saia God\u00ea com Cinto<\/h3>                        \n                            <div class=\"pt-0 fs-4\">\n                    <div class=\"cegg-rating-stars\" style=\"--rating: 4.9\"><span class=\"cegg-rating-value ps-2 text-body-secondary\">4.9<\/span><\/div>                <\/div>\n            \n                            <div class=\"cegg-card-price lh-1 mt-3 mb-2 hstack gap-4\">\n\n                    <div>\n                        <span class=\"cegg-price fs-4\">\n                            R$ 38,88                        <\/span>\n                                                    <del class=\"cegg-old-price text-body-tertiary fs-5 fw-normal\">R$ 48,00<\/del>\n                                            <\/div>\n\n                    \n                <\/div>\n\n                            \n            \n                            <div class=\"cegg-card-cashback text-success small pt-1\">\n                                    <\/div>\n            \n                            <div class=\"cegg-card-button p-0 pt-3 d-grid col-sm-12 col-md-8\">\n\n                    <a rel=\"sponsored noopener\" onclick=\"gtag(&#039;event&#039;,&#039;cegg_affiliate_click&#039;,{&#039;cegg_product_title&#039;:&#039;Saia God\u00ea com Cinto&#039;,&#039;cegg_module&#039;:&#039;Shopee&#039;,&#039;cegg_merchant&#039;:&#039;Shopee&#039;,&#039;cegg_unique_id&#039;:&#039;22791410074&#039;,&#039;cegg_post_id&#039;:38349});\" target=\"_blank\" href=\"https:\/\/s.shopee.com.br\/LjeurLC5W\" data-cegg-click=\"1\" data-cegg-link-id=\"892\" class=\"btn btn-success cegg-click\">SAIBA MAIS<\/a>                <\/div>\n                <div class=\"clearfix\"><\/div>\n\n            \n                            <div class=\"cegg-merchant fs-6 text-body-secondary pt-2\">\n\n                                            <span class=\"text-truncate\">Shopee.com.br<\/span>\n                    \n                    \n                <\/div>\n                        \n        <\/div>\n    <\/div>\n<\/div>                \n\n        <div class=\"row\">\n            <div class=\"col\">\n\n                                \n<div class=\"mb-4\"><\/div>\n\n                \n                                \n\n\n            <\/div>\n        <\/div>\n    <\/div>\n    <div class=\"container px-0 mb-5 mt-1\" >\n\n                        \n<div class=\"cegg-item-card cegg-card  border\">\n\n    \n        \n    <div class=\"row p-3\">\n        <div class=\"cegg-item-card-img-col  col-md-6 position-relative\" style=\"max-width: 400px;\">\n\n                            <div class=\"position-relative\">\n\n                    \n                    <a rel=\"sponsored noopener\" onclick=\"gtag(&#039;event&#039;,&#039;cegg_affiliate_click&#039;,{&#039;cegg_product_title&#039;:&#039;Saia God\u00ea de Couro Sint\u00e9tico&#039;,&#039;cegg_module&#039;:&#039;Shopee&#039;,&#039;cegg_merchant&#039;:&#039;Shopee&#039;,&#039;cegg_unique_id&#039;:&#039;18799213139&#039;,&#039;cegg_post_id&#039;:38349});\" target=\"_blank\" href=\"https:\/\/s.shopee.com.br\/5q4bSy93Rt\" data-cegg-click=\"1\" data-cegg-link-id=\"893\" class=\"cegg-click\">                    <div class=\"ratio ratio-1x1 \">\n                        <img class=\"object-fit-scale rounded\" src=\"https:\/\/cf.shopee.com.br\/file\/br-11134207-7r98o-m8b5n4x347ip67\" decoding=\"async\" loading=\"lazy\" alt=\"Saia God\u00ea de Couro Sint\u00e9tico\" title=\"\">                    <\/div>\n                    <\/a>\n                <\/div>\n            \n        <\/div>\n\n        <div class=\"col ps-xl-3\">\n\n                            <h3 class=\"card-title h4 fw-normal  cegg-text-truncate-2 pt-2 pt-md-3\">Saia God\u00ea de Couro Sint\u00e9tico<\/h3>                        \n                            <div class=\"pt-0 fs-4\">\n                    <div class=\"cegg-rating-stars\" style=\"--rating: 4.8\"><span class=\"cegg-rating-value ps-2 text-body-secondary\">4.8<\/span><\/div>                <\/div>\n            \n                            <div class=\"cegg-card-price lh-1 mt-3 mb-2 hstack gap-4\">\n\n                    <div>\n                        <span class=\"cegg-price fs-4\">\n                            R$ 44,90                        <\/span>\n                                            <\/div>\n\n                    \n                <\/div>\n\n                            \n            \n                            <div class=\"cegg-card-cashback text-success small pt-1\">\n                                    <\/div>\n            \n                            <div class=\"cegg-card-button p-0 pt-3 d-grid col-sm-12 col-md-8\">\n\n                    <a rel=\"sponsored noopener\" onclick=\"gtag(&#039;event&#039;,&#039;cegg_affiliate_click&#039;,{&#039;cegg_product_title&#039;:&#039;Saia God\u00ea de Couro Sint\u00e9tico&#039;,&#039;cegg_module&#039;:&#039;Shopee&#039;,&#039;cegg_merchant&#039;:&#039;Shopee&#039;,&#039;cegg_unique_id&#039;:&#039;18799213139&#039;,&#039;cegg_post_id&#039;:38349});\" target=\"_blank\" href=\"https:\/\/s.shopee.com.br\/5q4bSy93Rt\" data-cegg-click=\"1\" data-cegg-link-id=\"893\" class=\"btn btn-success cegg-click\">SAIBA MAIS<\/a>                <\/div>\n                <div class=\"clearfix\"><\/div>\n\n            \n                            <div class=\"cegg-merchant fs-6 text-body-secondary pt-2\">\n\n                                            <span class=\"text-truncate\">Shopee.com.br<\/span>\n                    \n                    \n                <\/div>\n                        \n        <\/div>\n    <\/div>\n<\/div>                \n\n        <div class=\"row\">\n            <div class=\"col\">\n\n                                \n<div class=\"mb-4\"><\/div>\n\n                \n                                \n\n\n            <\/div>\n        <\/div>\n    <\/div>\n    <div class=\"container px-0 mb-5 mt-1\" >\n\n                        \n<div class=\"cegg-item-card cegg-card  border\">\n\n    \n        \n    <div class=\"row p-3\">\n        <div class=\"cegg-item-card-img-col  col-md-6 position-relative\" style=\"max-width: 400px;\">\n\n                            <div class=\"position-relative\">\n\n                    \n                    <a rel=\"sponsored noopener\" onclick=\"gtag(&#039;event&#039;,&#039;cegg_affiliate_click&#039;,{&#039;cegg_product_title&#039;:&#039;Saia God\u00ea Midi Longa Couro&#039;,&#039;cegg_module&#039;:&#039;Shopee&#039;,&#039;cegg_merchant&#039;:&#039;Shopee&#039;,&#039;cegg_unique_id&#039;:&#039;20299594228&#039;,&#039;cegg_post_id&#039;:38349});\" target=\"_blank\" href=\"https:\/\/s.shopee.com.br\/9fHK20yF6b\" data-cegg-click=\"1\" data-cegg-link-id=\"894\" class=\"cegg-click\">                    <div class=\"ratio ratio-1x1 \">\n                        <img class=\"object-fit-scale rounded\" src=\"https:\/\/cf.shopee.com.br\/file\/br-11134207-7r98o-m5qupikrb1def3\" decoding=\"async\" loading=\"lazy\" alt=\"Saia God\u00ea Midi Longa Couro\" title=\"\">                    <\/div>\n                    <\/a>\n                <\/div>\n            \n        <\/div>\n\n        <div class=\"col ps-xl-3\">\n\n                            <h3 class=\"card-title h4 fw-normal  cegg-text-truncate-2 pt-2 pt-md-3\">Saia God\u00ea Midi Longa Couro<\/h3>                        \n                            <div class=\"pt-0 fs-4\">\n                    <div class=\"cegg-rating-stars\" style=\"--rating: 4.9\"><span class=\"cegg-rating-value ps-2 text-body-secondary\">4.9<\/span><\/div>                <\/div>\n            \n                            <div class=\"cegg-card-price lh-1 mt-3 mb-2 hstack gap-4\">\n\n                    <div>\n                        <span class=\"cegg-price fs-4\">\n                            R$ 49,00                        <\/span>\n                                            <\/div>\n\n                    \n                <\/div>\n\n                            \n            \n                            <div class=\"cegg-card-cashback text-success small pt-1\">\n                                    <\/div>\n            \n                            <div class=\"cegg-card-button p-0 pt-3 d-grid col-sm-12 col-md-8\">\n\n                    <a rel=\"sponsored noopener\" onclick=\"gtag(&#039;event&#039;,&#039;cegg_affiliate_click&#039;,{&#039;cegg_product_title&#039;:&#039;Saia God\u00ea Midi Longa Couro&#039;,&#039;cegg_module&#039;:&#039;Shopee&#039;,&#039;cegg_merchant&#039;:&#039;Shopee&#039;,&#039;cegg_unique_id&#039;:&#039;20299594228&#039;,&#039;cegg_post_id&#039;:38349});\" target=\"_blank\" href=\"https:\/\/s.shopee.com.br\/9fHK20yF6b\" data-cegg-click=\"1\" data-cegg-link-id=\"894\" class=\"btn btn-success cegg-click\">SAIBA MAIS<\/a>                <\/div>\n                <div class=\"clearfix\"><\/div>\n\n            \n                            <div class=\"cegg-merchant fs-6 text-body-secondary pt-2\">\n\n                                            <span class=\"text-truncate\">Shopee.com.br<\/span>\n                    \n                    \n                <\/div>\n                        \n        <\/div>\n    <\/div>\n<\/div>                \n\n        <div class=\"row\">\n            <div class=\"col\">\n\n                                \n<div class=\"mb-4\"><\/div>\n\n                \n                                \n\n\n            <\/div>\n        <\/div>\n    <\/div>\n    <div class=\"container px-0 mb-5 mt-1\" >\n\n                        \n<div class=\"cegg-item-card cegg-card  border\">\n\n    \n        \n    <div class=\"row p-3\">\n        <div class=\"cegg-item-card-img-col  col-md-6 position-relative\" style=\"max-width: 400px;\">\n\n                            <div class=\"position-relative\">\n\n                    \n                    <a rel=\"sponsored noopener\" onclick=\"gtag(&#039;event&#039;,&#039;cegg_affiliate_click&#039;,{&#039;cegg_product_title&#039;:&#039;Saia M\u00eddi God\u00ea Rodada&#039;,&#039;cegg_module&#039;:&#039;Shopee&#039;,&#039;cegg_merchant&#039;:&#039;Shopee&#039;,&#039;cegg_unique_id&#039;:&#039;16620797720&#039;,&#039;cegg_post_id&#039;:38349});\" target=\"_blank\" href=\"https:\/\/s.shopee.com.br\/3VggggQjlb\" data-cegg-click=\"1\" data-cegg-link-id=\"895\" class=\"cegg-click\">                    <div class=\"ratio ratio-1x1 \">\n                        <img class=\"object-fit-scale rounded\" src=\"https:\/\/cf.shopee.com.br\/file\/br-11134201-23030-gfj1iua92lov80\" decoding=\"async\" loading=\"lazy\" alt=\"Saia M\u00eddi God\u00ea Rodada\" title=\"\">                    <\/div>\n                    <\/a>\n                <\/div>\n            \n        <\/div>\n\n        <div class=\"col ps-xl-3\">\n\n                            <h3 class=\"card-title h4 fw-normal  cegg-text-truncate-2 pt-2 pt-md-3\">Saia M\u00eddi God\u00ea Rodada<\/h3>                        \n                            <div class=\"pt-0 fs-4\">\n                    <div class=\"cegg-rating-stars\" style=\"--rating: 4.9\"><span class=\"cegg-rating-value ps-2 text-body-secondary\">4.9<\/span><\/div>                <\/div>\n            \n                            <div class=\"cegg-card-price lh-1 mt-3 mb-2 hstack gap-4\">\n\n                    <div>\n                        <span class=\"cegg-price fs-4\">\n                            R$ 59,99                        <\/span>\n                                            <\/div>\n\n                    \n                <\/div>\n\n                            \n            \n                            <div class=\"cegg-card-cashback text-success small pt-1\">\n                                    <\/div>\n            \n                            <div class=\"cegg-card-button p-0 pt-3 d-grid col-sm-12 col-md-8\">\n\n                    <a rel=\"sponsored noopener\" onclick=\"gtag(&#039;event&#039;,&#039;cegg_affiliate_click&#039;,{&#039;cegg_product_title&#039;:&#039;Saia M\u00eddi God\u00ea Rodada&#039;,&#039;cegg_module&#039;:&#039;Shopee&#039;,&#039;cegg_merchant&#039;:&#039;Shopee&#039;,&#039;cegg_unique_id&#039;:&#039;16620797720&#039;,&#039;cegg_post_id&#039;:38349});\" target=\"_blank\" href=\"https:\/\/s.shopee.com.br\/3VggggQjlb\" data-cegg-click=\"1\" data-cegg-link-id=\"895\" class=\"btn btn-success cegg-click\">SAIBA MAIS<\/a>                <\/div>\n                <div class=\"clearfix\"><\/div>\n\n            \n                            <div class=\"cegg-merchant fs-6 text-body-secondary pt-2\">\n\n                                            <span class=\"text-truncate\">Shopee.com.br<\/span>\n                    \n                    \n                <\/div>\n                        \n        <\/div>\n    <\/div>\n<\/div>                \n\n        <div class=\"row\">\n            <div class=\"col\">\n\n                                \n<div class=\"mb-4\"><\/div>\n\n                \n                                \n\n\n            <\/div>\n        <\/div>\n    <\/div><\/div>\n","protected":false},"excerpt":{"rendered":"<h3>Transforme seu look com essa Saia God\u00ea!<\/h3>\n<p>Experimente a eleg\u00e2ncia e o conforto da\u00a0<strong>Saia God\u00ea<\/strong>. Perfeita para qualquer ocasi\u00e3o, ela valoriza suas curvas e traz um toque de sofistica\u00e7\u00e3o ao seu guarda-roupa.\ud83d\udc49\u00a0<strong>N\u00e3o perca tempo! Adquira a sua agora e sinta-se ainda mais linda e confiante!<\/strong><\/p>\n","protected":false},"featured_media":38350,"comment_status":"closed","ping_status":"closed","template":"","meta":[],"product_brand":[],"product_cat":[821,574,724,797],"product_tag":[],"class_list":{"0":"post-38349","1":"product","2":"type-product","3":"status-publish","4":"has-post-thumbnail","6":"product_cat-lancamentos","7":"product_cat-moda-evangelica","8":"product_cat-saias","9":"product_cat-saias-plus-size","11":"first","12":"instock","13":"sale","14":"shipping-taxable","15":"product-type-external"},"_links":{"self":[{"href":"https:\/\/madameshop.com.br\/loja\/wp-json\/wp\/v2\/product\/38349","targetHints":{"allow":["GET"]}}],"collection":[{"href":"https:\/\/madameshop.com.br\/loja\/wp-json\/wp\/v2\/product"}],"about":[{"href":"https:\/\/madameshop.com.br\/loja\/wp-json\/wp\/v2\/types\/product"}],"replies":[{"embeddable":true,"href":"https:\/\/madameshop.com.br\/loja\/wp-json\/wp\/v2\/comments?post=38349"}],"version-history":[{"count":3,"href":"https:\/\/madameshop.com.br\/loja\/wp-json\/wp\/v2\/product\/38349\/revisions"}],"predecessor-version":[{"id":38353,"href":"https:\/\/madameshop.com.br\/loja\/wp-json\/wp\/v2\/product\/38349\/revisions\/38353"}],"wp:featuredmedia":[{"embeddable":true,"href":"https:\/\/madameshop.com.br\/loja\/wp-json\/wp\/v2\/media\/38350"}],"wp:attachment":[{"href":"https:\/\/madameshop.com.br\/loja\/wp-json\/wp\/v2\/media?parent=38349"}],"wp:term":[{"taxonomy":"product_brand","embeddable":true,"href":"https:\/\/madameshop.com.br\/loja\/wp-json\/wp\/v2\/product_brand?post=38349"},{"taxonomy":"product_cat","embeddable":true,"href":"https:\/\/madameshop.com.br\/loja\/wp-json\/wp\/v2\/product_cat?post=38349"},{"taxonomy":"product_tag","embeddable":true,"href":"https:\/\/madameshop.com.br\/loja\/wp-json\/wp\/v2\/product_tag?post=38349"}],"curies":[{"name":"wp","href":"https:\/\/api.w.org\/{rel}","templated":true}]}}