{"id":38372,"date":"2026-01-28T12:13:26","date_gmt":"2026-01-28T15:13:26","guid":{"rendered":"https:\/\/madameshop.com.br\/loja\/?post_type=product&#038;p=38372"},"modified":"2026-05-14T16:00:19","modified_gmt":"2026-05-14T19:00:19","slug":"calca-alfaiataria-social","status":"publish","type":"product","link":"https:\/\/madameshop.com.br\/loja\/calca-alfaiataria-social\/","title":{"rendered":"Cal\u00e7a Alfaiataria Social"},"content":{"rendered":"<div class=\"cegg5-container cegg-data_item\"><div class=\"container px-0 mb-5 mt-1\" >\n\n                        \n<div class=\"cegg-item-card cegg-card  border\">\n\n    \n        \n    <div class=\"row p-3\">\n        <div class=\"cegg-item-card-img-col  col-md-6 position-relative\" style=\"max-width: 400px;\">\n\n                            <div class=\"position-relative\">\n\n                    \n                    <a rel=\"sponsored noopener\" onclick=\"gtag(&#039;event&#039;,&#039;cegg_affiliate_click&#039;,{&#039;cegg_product_title&#039;:&#039;Cal\u00e7a Alfaiataria Social Feminina com Cinto&#039;,&#039;cegg_module&#039;:&#039;Shopee&#039;,&#039;cegg_merchant&#039;:&#039;Shopee&#039;,&#039;cegg_unique_id&#039;:&#039;22792999182&#039;,&#039;cegg_post_id&#039;:38372});\" target=\"_blank\" href=\"https:\/\/s.shopee.com.br\/Lk4Ekk3An\" data-cegg-click=\"1\" data-cegg-link-id=\"914\" class=\"cegg-click\">                    <div class=\"ratio ratio-1x1 \">\n                        <img class=\"object-fit-scale rounded\" src=\"https:\/\/cf.shopee.com.br\/file\/br-11134207-7r98o-mdqm1zspdxox2f\" decoding=\"async\" loading=\"lazy\" alt=\"Cal\u00e7a Alfaiataria Social Feminina com Cinto\" title=\"\">                    <\/div>\n                    <\/a>\n                <\/div>\n            \n        <\/div>\n\n        <div class=\"col ps-xl-3\">\n\n                            <h3 class=\"card-title h4 fw-normal  cegg-text-truncate-2 pt-2 pt-md-3\">Cal\u00e7a Alfaiataria Social Feminina com Cinto<\/h3>                        \n                            <div class=\"pt-0 fs-4\">\n                    <div class=\"cegg-rating-stars\" style=\"--rating: 4.6\"><span class=\"cegg-rating-value ps-2 text-body-secondary\">4.6<\/span><\/div>                <\/div>\n            \n                            <div class=\"cegg-card-price lh-1 mt-3 mb-2 hstack gap-4\">\n\n                    <div>\n                        <span class=\"cegg-price fs-4\">\n                            R$ 79,99                        <\/span>\n                                                    <del class=\"cegg-old-price text-body-tertiary fs-5 fw-normal\">R$ 129,02<\/del>\n                                            <\/div>\n\n                    \n                <\/div>\n\n                            \n            \n                            <div class=\"cegg-card-cashback text-success small pt-1\">\n                                    <\/div>\n            \n                            <div class=\"cegg-card-button p-0 pt-3 d-grid col-sm-12 col-md-8\">\n\n                    <a rel=\"sponsored noopener\" onclick=\"gtag(&#039;event&#039;,&#039;cegg_affiliate_click&#039;,{&#039;cegg_product_title&#039;:&#039;Cal\u00e7a Alfaiataria Social Feminina com Cinto&#039;,&#039;cegg_module&#039;:&#039;Shopee&#039;,&#039;cegg_merchant&#039;:&#039;Shopee&#039;,&#039;cegg_unique_id&#039;:&#039;22792999182&#039;,&#039;cegg_post_id&#039;:38372});\" target=\"_blank\" href=\"https:\/\/s.shopee.com.br\/Lk4Ekk3An\" data-cegg-click=\"1\" data-cegg-link-id=\"914\" class=\"btn btn-success cegg-click\">SAIBA MAIS<\/a>                <\/div>\n                <div class=\"clearfix\"><\/div>\n\n            \n                            <div class=\"cegg-merchant fs-6 text-body-secondary pt-2\">\n\n                                            <span class=\"text-truncate\">Shopee.com.br<\/span>\n                    \n                    \n                <\/div>\n                        \n        <\/div>\n    <\/div>\n<\/div>                \n\n        <div class=\"row\">\n            <div class=\"col\">\n\n                                \n<div class=\"mb-4\"><\/div>\n\n                                    <div class=\"egg-description text-body my-4\"><h1>&nbsp;<\/h1><\/div>\n                \n                                \n\n\n            <\/div>\n        <\/div>\n    <\/div>\n    <div class=\"container px-0 mb-5 mt-1\" >\n\n                        \n<div class=\"cegg-item-card cegg-card  border\">\n\n    \n        \n    <div class=\"row p-3\">\n        <div class=\"cegg-item-card-img-col  col-md-6 position-relative\" style=\"max-width: 400px;\">\n\n                            <div class=\"position-relative\">\n\n                    \n                    <a rel=\"sponsored noopener\" onclick=\"gtag(&#039;event&#039;,&#039;cegg_affiliate_click&#039;,{&#039;cegg_product_title&#039;:&#039;Cal\u00e7a Alfaiataria Pantalona Premium&#039;,&#039;cegg_module&#039;:&#039;Shopee&#039;,&#039;cegg_merchant&#039;:&#039;Shopee&#039;,&#039;cegg_unique_id&#039;:&#039;23194374313&#039;,&#039;cegg_post_id&#039;:38372});\" target=\"_blank\" href=\"https:\/\/s.shopee.com.br\/7KtoZcNBNP\" data-cegg-click=\"1\" data-cegg-link-id=\"915\" class=\"cegg-click\">                    <div class=\"ratio ratio-1x1 \">\n                        <img class=\"object-fit-scale rounded\" src=\"https:\/\/cf.shopee.com.br\/file\/br-11134207-81z1k-me9ao8zkak1s68\" decoding=\"async\" loading=\"lazy\" alt=\"Cal\u00e7a Alfaiataria Pantalona Premium\" title=\"\">                    <\/div>\n                    <\/a>\n                <\/div>\n            \n        <\/div>\n\n        <div class=\"col ps-xl-3\">\n\n                            <h3 class=\"card-title h4 fw-normal  cegg-text-truncate-2 pt-2 pt-md-3\">Cal\u00e7a Alfaiataria Pantalona Premium<\/h3>                        \n                            <div class=\"pt-0 fs-4\">\n                    <div class=\"cegg-rating-stars\" style=\"--rating: 4.8\"><span class=\"cegg-rating-value ps-2 text-body-secondary\">4.8<\/span><\/div>                <\/div>\n            \n                            <div class=\"cegg-card-price lh-1 mt-3 mb-2 hstack gap-4\">\n\n                    <div>\n                        <span class=\"cegg-price fs-4\">\n                            R$ 34,90                        <\/span>\n                                                    <del class=\"cegg-old-price text-body-tertiary fs-5 fw-normal\">R$ 158,64<\/del>\n                                            <\/div>\n\n                    \n                <\/div>\n\n                            \n            \n                            <div class=\"cegg-card-cashback text-success small pt-1\">\n                                    <\/div>\n            \n                            <div class=\"cegg-card-button p-0 pt-3 d-grid col-sm-12 col-md-8\">\n\n                    <a rel=\"sponsored noopener\" onclick=\"gtag(&#039;event&#039;,&#039;cegg_affiliate_click&#039;,{&#039;cegg_product_title&#039;:&#039;Cal\u00e7a Alfaiataria Pantalona Premium&#039;,&#039;cegg_module&#039;:&#039;Shopee&#039;,&#039;cegg_merchant&#039;:&#039;Shopee&#039;,&#039;cegg_unique_id&#039;:&#039;23194374313&#039;,&#039;cegg_post_id&#039;:38372});\" target=\"_blank\" href=\"https:\/\/s.shopee.com.br\/7KtoZcNBNP\" data-cegg-click=\"1\" data-cegg-link-id=\"915\" class=\"btn btn-success cegg-click\">SAIBA MAIS<\/a>                <\/div>\n                <div class=\"clearfix\"><\/div>\n\n            \n                            <div class=\"cegg-merchant fs-6 text-body-secondary pt-2\">\n\n                                            <span class=\"text-truncate\">Shopee.com.br<\/span>\n                    \n                    \n                <\/div>\n                        \n        <\/div>\n    <\/div>\n<\/div>                \n\n        <div class=\"row\">\n            <div class=\"col\">\n\n                                \n<div class=\"mb-4\"><\/div>\n\n                \n                                \n\n\n            <\/div>\n        <\/div>\n    <\/div>\n    <div class=\"container px-0 mb-5 mt-1\" >\n\n                        \n<div class=\"cegg-item-card cegg-card  border\">\n\n    \n        \n    <div class=\"row p-3\">\n        <div class=\"cegg-item-card-img-col  col-md-6 position-relative\" style=\"max-width: 400px;\">\n\n                            <div class=\"position-relative\">\n\n                    \n                    <a rel=\"sponsored noopener\" onclick=\"gtag(&#039;event&#039;,&#039;cegg_affiliate_click&#039;,{&#039;cegg_product_title&#039;:&#039;Cal\u00e7a Social Feminina com Cinto&#039;,&#039;cegg_module&#039;:&#039;Shopee&#039;,&#039;cegg_merchant&#039;:&#039;Shopee&#039;,&#039;cegg_unique_id&#039;:&#039;23193922490&#039;,&#039;cegg_post_id&#039;:38372});\" target=\"_blank\" href=\"https:\/\/s.shopee.com.br\/4LGD06hx7Q\" data-cegg-click=\"1\" data-cegg-link-id=\"916\" class=\"cegg-click\">                    <div class=\"ratio ratio-1x1 \">\n                        <img class=\"object-fit-scale rounded\" src=\"https:\/\/cf.shopee.com.br\/file\/br-11134207-7r98o-m8p1s3jm15oieb\" decoding=\"async\" loading=\"lazy\" alt=\"Cal\u00e7a Social Feminina com Cinto\" title=\"\">                    <\/div>\n                    <\/a>\n                <\/div>\n            \n        <\/div>\n\n        <div class=\"col ps-xl-3\">\n\n                            <h3 class=\"card-title h4 fw-normal  cegg-text-truncate-2 pt-2 pt-md-3\">Cal\u00e7a Social Feminina com Cinto<\/h3>                        \n                            <div class=\"pt-0 fs-4\">\n                    <div class=\"cegg-rating-stars\" style=\"--rating: 4.8\"><span class=\"cegg-rating-value ps-2 text-body-secondary\">4.8<\/span><\/div>                <\/div>\n            \n                            <div class=\"cegg-card-price lh-1 mt-3 mb-2 hstack gap-4\">\n\n                    <div>\n                        <span class=\"cegg-price fs-4\">\n                            R$ 49,95                        <\/span>\n                                                    <del class=\"cegg-old-price text-body-tertiary fs-5 fw-normal\">R$ 99,90<\/del>\n                                            <\/div>\n\n                    \n                <\/div>\n\n                            \n            \n                            <div class=\"cegg-card-cashback text-success small pt-1\">\n                                    <\/div>\n            \n                            <div class=\"cegg-card-button p-0 pt-3 d-grid col-sm-12 col-md-8\">\n\n                    <a rel=\"sponsored noopener\" onclick=\"gtag(&#039;event&#039;,&#039;cegg_affiliate_click&#039;,{&#039;cegg_product_title&#039;:&#039;Cal\u00e7a Social Feminina com Cinto&#039;,&#039;cegg_module&#039;:&#039;Shopee&#039;,&#039;cegg_merchant&#039;:&#039;Shopee&#039;,&#039;cegg_unique_id&#039;:&#039;23193922490&#039;,&#039;cegg_post_id&#039;:38372});\" target=\"_blank\" href=\"https:\/\/s.shopee.com.br\/4LGD06hx7Q\" data-cegg-click=\"1\" data-cegg-link-id=\"916\" class=\"btn btn-success cegg-click\">SAIBA MAIS<\/a>                <\/div>\n                <div class=\"clearfix\"><\/div>\n\n            \n                            <div class=\"cegg-merchant fs-6 text-body-secondary pt-2\">\n\n                                            <span class=\"text-truncate\">Shopee.com.br<\/span>\n                    \n                    \n                <\/div>\n                        \n        <\/div>\n    <\/div>\n<\/div>                \n\n        <div class=\"row\">\n            <div class=\"col\">\n\n                                \n<div class=\"mb-4\"><\/div>\n\n                \n                                \n\n\n            <\/div>\n        <\/div>\n    <\/div><\/div>\n<h2>Cal\u00e7a Alfaiataria Social Feminina com Cinto<\/h2>\n<p><strong>Transforme seu guarda-roupa com a eleg\u00e2ncia atemporal dessa Cal\u00e7a Alfaiataria Social Feminina com Cinto!<\/strong><\/p>\n<p>A Cal\u00e7a Alfaiataria Social Feminina com Cinto \u00e9 a escolha perfeita para mulheres que buscam conforto, estilo e sofistica\u00e7\u00e3o em suas pe\u00e7as de vestu\u00e1rio. Com um corte impec\u00e1vel e detalhes que fazem toda a diferen\u00e7a, essa cal\u00e7a \u00e9 ideal para o ambiente de trabalho ou para ocasi\u00f5es especiais.<\/p>\n<h3>Caracter\u00edsticas<\/h3>\n<ul>\n<li><strong>Material de Alta Qualidade:<\/strong>\u00a0Confeccionada em tecido leve e respir\u00e1vel, garante conforto durante todo o dia.<\/li>\n<li><strong>Corte Elegante:<\/strong>\u00a0O design contempor\u00e2neo valoriza a silhueta feminina, proporcionando um caimento perfeito.<\/li>\n<li><strong>Cinto Incluso:<\/strong>\u00a0Acompanha um cinto que complementa o look, adicionando um toque de sofistica\u00e7\u00e3o.<\/li>\n<li><strong>Versatilidade:<\/strong>\u00a0Pode ser combinada com blusas sociais, camisas ou at\u00e9 mesmo t-shirts para um visual mais casual.<\/li>\n<li><strong>Dispon\u00edvel em V\u00e1rias Cores:<\/strong>\u00a0Escolha entre uma variedade de cores para expressar seu estilo pessoal.<\/li>\n<\/ul>\n<h3>Por que escolher a Cal\u00e7a Alfaiataria Social Feminina com Cinto?<\/h3>\n<p>Seja para um dia no escrit\u00f3rio ou um evento social, essa cal\u00e7a \u00e9 a escolha ideal para quem deseja se sentir poderosa e elegante. Com seu design cl\u00e1ssico e atemporal, voc\u00ea pode criar looks que v\u00e3o do dia \u00e0 noite com facilidade.<\/p>\n<p><strong>Experimente a Cal\u00e7a Alfaiataria Social Feminina com Cinto e sinta a diferen\u00e7a!<\/strong><\/p>\n","protected":false},"excerpt":{"rendered":"<p>Transforme seu visual com esta Cal\u00e7a Alfaiataria Social Pantalona e sinta-se confiante e elegante em qualquer ocasi\u00e3o! Compre agora e eleve seu estilo!<\/p>\n","protected":false},"featured_media":38373,"comment_status":"closed","ping_status":"closed","template":"","meta":[],"product_brand":[],"product_cat":[821,729,468],"product_tag":[],"class_list":{"0":"post-38372","1":"product","2":"type-product","3":"status-publish","4":"has-post-thumbnail","6":"product_cat-lancamentos","7":"product_cat-calcas","8":"product_cat-ofertas","10":"first","11":"instock","12":"sale","13":"shipping-taxable","14":"product-type-external"},"_links":{"self":[{"href":"https:\/\/madameshop.com.br\/loja\/wp-json\/wp\/v2\/product\/38372","targetHints":{"allow":["GET"]}}],"collection":[{"href":"https:\/\/madameshop.com.br\/loja\/wp-json\/wp\/v2\/product"}],"about":[{"href":"https:\/\/madameshop.com.br\/loja\/wp-json\/wp\/v2\/types\/product"}],"replies":[{"embeddable":true,"href":"https:\/\/madameshop.com.br\/loja\/wp-json\/wp\/v2\/comments?post=38372"}],"version-history":[{"count":4,"href":"https:\/\/madameshop.com.br\/loja\/wp-json\/wp\/v2\/product\/38372\/revisions"}],"predecessor-version":[{"id":38380,"href":"https:\/\/madameshop.com.br\/loja\/wp-json\/wp\/v2\/product\/38372\/revisions\/38380"}],"wp:featuredmedia":[{"embeddable":true,"href":"https:\/\/madameshop.com.br\/loja\/wp-json\/wp\/v2\/media\/38373"}],"wp:attachment":[{"href":"https:\/\/madameshop.com.br\/loja\/wp-json\/wp\/v2\/media?parent=38372"}],"wp:term":[{"taxonomy":"product_brand","embeddable":true,"href":"https:\/\/madameshop.com.br\/loja\/wp-json\/wp\/v2\/product_brand?post=38372"},{"taxonomy":"product_cat","embeddable":true,"href":"https:\/\/madameshop.com.br\/loja\/wp-json\/wp\/v2\/product_cat?post=38372"},{"taxonomy":"product_tag","embeddable":true,"href":"https:\/\/madameshop.com.br\/loja\/wp-json\/wp\/v2\/product_tag?post=38372"}],"curies":[{"name":"wp","href":"https:\/\/api.w.org\/{rel}","templated":true}]}}